{"id":476281,"date":"2022-02-08T13:47:28","date_gmt":"2022-02-08T11:47:28","guid":{"rendered":"https:\/\/games.tactic.net\/tuote\/lumo-bunny-lila-classic\/"},"modified":"2023-10-20T10:37:17","modified_gmt":"2023-10-20T07:37:17","slug":"lumo-bunny-lila-classic","status":"publish","type":"product","link":"https:\/\/games.tactic.net\/fr\/tuote\/lumo-bunny-lila-classic\/","title":{"rendered":"Lumo Stars Bunny Lila classic plush"},"content":{"rendered":"<p>Classic 15 cm. Peluche b\u00e9b\u00e9 animal \u00e0 collectionner. Heureux, c\u00e2lin, amical, gentil et mignon. On sourit plus! La collection de peluches mignonne Northern Brights est bas\u00e9e sur la vraie nature et la faune nordiques. Design finlandais pur. Salut tout le monde! Quels sont vos plans pour aujourd\u00b4hui? Auriez-vous le temps de venir construire un ch\u00e2teau de sable avec moi ?<\/p>\n","protected":false},"excerpt":{"rendered":"<p>Classic 15 cm. Peluche b\u00e9b\u00e9 animal \u00e0 collectionner. Heureux, c\u00e2lin, amical, gentil et mignon. On sourit plus! La collection de peluches mignonne Northern Brights est bas\u00e9e sur la vraie nature et la faune nordiques. Design finlandais pur. Salut tout le monde! Quels sont vos plans pour aujourd\u00b4hui? Auriez-vous le temps de venir construire un ch\u00e2teau [&hellip;]<\/p>\n","protected":false},"featured_media":0,"template":"","meta":{"content-type":"","_monsterinsights_skip_tracking":false,"_monsterinsights_sitenote_active":false,"_monsterinsights_sitenote_note":"","_monsterinsights_sitenote_category":0},"product_brand":[],"product_cat":[1892],"product_tag":[],"brand":[{"id":1021,"name":"Lumo Stars","slug":"lumo-stars_fr"}],"target-group":[],"discontinued":[],"class_list":{"0":"post-476281","1":"product","2":"type-product","3":"status-publish","5":"product_cat-classic-peluches","6":"brand-lumo-stars_fr","8":"first","9":"instock","10":"taxable","11":"shipping-taxable","12":"product-type-simple"},"aioseo_notices":[],"_links":{"self":[{"href":"https:\/\/games.tactic.net\/fr\/wp-json\/wp\/v2\/product\/476281","targetHints":{"allow":["GET"]}}],"collection":[{"href":"https:\/\/games.tactic.net\/fr\/wp-json\/wp\/v2\/product"}],"about":[{"href":"https:\/\/games.tactic.net\/fr\/wp-json\/wp\/v2\/types\/product"}],"wp:attachment":[{"href":"https:\/\/games.tactic.net\/fr\/wp-json\/wp\/v2\/media?parent=476281"}],"wp:term":[{"taxonomy":"product_brand","embeddable":true,"href":"https:\/\/games.tactic.net\/fr\/wp-json\/wp\/v2\/product_brand?post=476281"},{"taxonomy":"product_cat","embeddable":true,"href":"https:\/\/games.tactic.net\/fr\/wp-json\/wp\/v2\/product_cat?post=476281"},{"taxonomy":"product_tag","embeddable":true,"href":"https:\/\/games.tactic.net\/fr\/wp-json\/wp\/v2\/product_tag?post=476281"},{"taxonomy":"brand","embeddable":true,"href":"https:\/\/games.tactic.net\/fr\/wp-json\/wp\/v2\/brand?post=476281"},{"taxonomy":"target-group","embeddable":true,"href":"https:\/\/games.tactic.net\/fr\/wp-json\/wp\/v2\/target-group?post=476281"},{"taxonomy":"discontinued","embeddable":true,"href":"https:\/\/games.tactic.net\/fr\/wp-json\/wp\/v2\/discontinued?post=476281"}],"curies":[{"name":"wp","href":"https:\/\/api.w.org\/{rel}","templated":true}]}}