{"id":47573,"date":"2020-08-10T13:16:06","date_gmt":"2020-08-10T10:16:06","guid":{"rendered":"https:\/\/dev.tactic.net\/tuote\/beach-ball\/"},"modified":"2025-10-22T11:33:19","modified_gmt":"2025-10-22T08:33:19","slug":"beach-ball","status":"archive","type":"product","link":"https:\/\/games.tactic.net\/fr\/tuote\/beach-ball\/","title":{"rendered":"Tactic Beach Ball"},"content":{"rendered":"<p>Un face-\u00e0-face (ou museau-\u00e0-museau ?) \u00e9nergique et amusant entre dauphins et phoques ! Choisis ton \u00e9quipe et tente d\u2019aligner 3 ballons de plage en les faisant rebondir et atterrir dans les vagues. A chaque fois que ton \u00e9quipe parvient \u00e0 aligner 3 ballons, ton \u00e9quipe place un drapeau sur l\u2019\u00eele des scores. La premi\u00e8re \u00e9quipe \u00e0 avoir plac\u00e9 3 drapeaux sur l\u2019\u00eele remporte la partie !<\/p>\n","protected":false},"excerpt":{"rendered":"<p>Un face-\u00e0-face (ou museau-\u00e0-museau ?) \u00e9nergique et amusant entre dauphins et phoques ! Choisis ton \u00e9quipe et tente d\u2019aligner 3 ballons de plage en les faisant rebondir et atterrir dans les vagues. A chaque fois que ton \u00e9quipe parvient \u00e0 aligner 3 ballons, ton \u00e9quipe place un drapeau sur l\u2019\u00eele des scores. La premi\u00e8re \u00e9quipe \u00e0 avoir plac\u00e9 3 drapeaux sur l\u2019\u00eele remporte la partie !<\/p>\n","protected":false},"featured_media":0,"template":"","meta":{"content-type":"","_monsterinsights_skip_tracking":false,"_monsterinsights_sitenote_active":false,"_monsterinsights_sitenote_note":"","_monsterinsights_sitenote_category":0},"product_brand":[],"product_cat":[1858],"product_tag":[302],"brand":[],"target-group":[],"discontinued":[],"class_list":{"0":"post-47573","1":"product","2":"type-product","3":"status-archive","5":"product_cat-jeux-de-societe-enfants","6":"product_tag-action","8":"first","9":"outofstock","10":"taxable","11":"shipping-taxable","12":"product-type-simple"},"aioseo_notices":[],"_links":{"self":[{"href":"https:\/\/games.tactic.net\/fr\/wp-json\/wp\/v2\/product\/47573","targetHints":{"allow":["GET"]}}],"collection":[{"href":"https:\/\/games.tactic.net\/fr\/wp-json\/wp\/v2\/product"}],"about":[{"href":"https:\/\/games.tactic.net\/fr\/wp-json\/wp\/v2\/types\/product"}],"wp:attachment":[{"href":"https:\/\/games.tactic.net\/fr\/wp-json\/wp\/v2\/media?parent=47573"}],"wp:term":[{"taxonomy":"product_brand","embeddable":true,"href":"https:\/\/games.tactic.net\/fr\/wp-json\/wp\/v2\/product_brand?post=47573"},{"taxonomy":"product_cat","embeddable":true,"href":"https:\/\/games.tactic.net\/fr\/wp-json\/wp\/v2\/product_cat?post=47573"},{"taxonomy":"product_tag","embeddable":true,"href":"https:\/\/games.tactic.net\/fr\/wp-json\/wp\/v2\/product_tag?post=47573"},{"taxonomy":"brand","embeddable":true,"href":"https:\/\/games.tactic.net\/fr\/wp-json\/wp\/v2\/brand?post=47573"},{"taxonomy":"target-group","embeddable":true,"href":"https:\/\/games.tactic.net\/fr\/wp-json\/wp\/v2\/target-group?post=47573"},{"taxonomy":"discontinued","embeddable":true,"href":"https:\/\/games.tactic.net\/fr\/wp-json\/wp\/v2\/discontinued?post=47573"}],"curies":[{"name":"wp","href":"https:\/\/api.w.org\/{rel}","templated":true}]}}