{"id":437159,"date":"2022-02-03T16:08:47","date_gmt":"2022-02-03T14:08:47","guid":{"rendered":"https:\/\/games.tactic.net\/tuote\/lumo-stars-skunk-stinky-classic\/"},"modified":"2023-10-20T17:38:55","modified_gmt":"2023-10-20T14:38:55","slug":"lumo-stars-skunk-stinky-classic","status":"publish","type":"product","link":"https:\/\/games.tactic.net\/fr\/tuote\/lumo-stars-skunk-stinky-classic\/","title":{"rendered":"Lumo Stars Skunk Stinky classic plush"},"content":{"rendered":"<p>Classic 15 cm. Peluche b\u00e9b\u00e9 animal \u00e0 collectionner. Heureux, c\u00e2lin, amical, gentil et mignon. On sourit plus! La collection de peluches mignonne Northern Brights est bas\u00e9e sur la vraie nature et la faune nordiques. Design finlandais pur. Jouons \u00e0 cache-cache ensemble. Ce serait tellement amusant !<\/p>\n","protected":false},"excerpt":{"rendered":"<p>\u200bClassic 15 cm.<\/p>\n","protected":false},"featured_media":0,"template":"","meta":{"content-type":"","_monsterinsights_skip_tracking":false,"_monsterinsights_sitenote_active":false,"_monsterinsights_sitenote_note":"","_monsterinsights_sitenote_category":0},"product_brand":[],"product_cat":[1892],"product_tag":[],"brand":[{"id":1021,"name":"Lumo Stars","slug":"lumo-stars_fr"}],"target-group":[],"discontinued":[],"class_list":{"0":"post-437159","1":"product","2":"type-product","3":"status-publish","5":"product_cat-classic-peluches","6":"brand-lumo-stars_fr","8":"first","9":"instock","10":"taxable","11":"shipping-taxable","12":"product-type-simple"},"aioseo_notices":[],"_links":{"self":[{"href":"https:\/\/games.tactic.net\/fr\/wp-json\/wp\/v2\/product\/437159","targetHints":{"allow":["GET"]}}],"collection":[{"href":"https:\/\/games.tactic.net\/fr\/wp-json\/wp\/v2\/product"}],"about":[{"href":"https:\/\/games.tactic.net\/fr\/wp-json\/wp\/v2\/types\/product"}],"wp:attachment":[{"href":"https:\/\/games.tactic.net\/fr\/wp-json\/wp\/v2\/media?parent=437159"}],"wp:term":[{"taxonomy":"product_brand","embeddable":true,"href":"https:\/\/games.tactic.net\/fr\/wp-json\/wp\/v2\/product_brand?post=437159"},{"taxonomy":"product_cat","embeddable":true,"href":"https:\/\/games.tactic.net\/fr\/wp-json\/wp\/v2\/product_cat?post=437159"},{"taxonomy":"product_tag","embeddable":true,"href":"https:\/\/games.tactic.net\/fr\/wp-json\/wp\/v2\/product_tag?post=437159"},{"taxonomy":"brand","embeddable":true,"href":"https:\/\/games.tactic.net\/fr\/wp-json\/wp\/v2\/brand?post=437159"},{"taxonomy":"target-group","embeddable":true,"href":"https:\/\/games.tactic.net\/fr\/wp-json\/wp\/v2\/target-group?post=437159"},{"taxonomy":"discontinued","embeddable":true,"href":"https:\/\/games.tactic.net\/fr\/wp-json\/wp\/v2\/discontinued?post=437159"}],"curies":[{"name":"wp","href":"https:\/\/api.w.org\/{rel}","templated":true}]}}