{"id":431089,"date":"2022-02-03T11:43:05","date_gmt":"2022-02-03T09:43:05","guid":{"rendered":"https:\/\/games.tactic.net\/tuote\/story-game-operation-egypte\/"},"modified":"2023-07-17T13:46:23","modified_gmt":"2023-07-17T10:46:23","slug":"story-game-operation-egypte","status":"archive","type":"product","link":"https:\/\/games.tactic.net\/fr\/tuote\/story-game-operation-egypte\/","title":{"rendered":"Story Game Op\u00e9ration Egypte"},"content":{"rendered":"<div>Quand c\u2019est votre tour, prenez un de vos carreaux en triangle et faites correspondre un des c\u00f4t\u00e9s avec un autre carreau. Le premier des joueurs \u00e0 finir tous ses carreaux gagne la partie. Convient m\u00eame aux plus jeunes !<\/div>\n<div><\/div>\n<div>\u2022 Un jeu classique qui est pr\u00e9sent\u00e9 comme une nouveaut\u00e9 !<\/div>\n<div>\u2022 Comprend des carreaux triangulaires, tr\u00e8s r\u00e9sistants.<\/div>\n<div>\u2022 Ludique et visuel.<\/div>\n","protected":false},"excerpt":{"rendered":"<div>Quand c\u2019est votre tour, prenez un de vos carreaux en triangle et faites correspondre un des c\u00f4t\u00e9s avec un autre carreau. Le premier des joueurs \u00e0 finir tous ses carreaux gagne la partie. Convient m\u00eame aux plus jeunes !<\/div>\n","protected":false},"featured_media":0,"template":"","meta":{"content-type":"","_monsterinsights_skip_tracking":false,"_monsterinsights_sitenote_active":false,"_monsterinsights_sitenote_note":"","_monsterinsights_sitenote_category":0},"product_brand":[],"product_cat":[1858],"product_tag":[],"brand":[],"target-group":[],"discontinued":[],"class_list":{"0":"post-431089","1":"product","2":"type-product","3":"status-archive","5":"product_cat-jeux-de-societe-enfants","7":"first","8":"outofstock","9":"taxable","10":"shipping-taxable","11":"product-type-simple"},"aioseo_notices":[],"_links":{"self":[{"href":"https:\/\/games.tactic.net\/fr\/wp-json\/wp\/v2\/product\/431089","targetHints":{"allow":["GET"]}}],"collection":[{"href":"https:\/\/games.tactic.net\/fr\/wp-json\/wp\/v2\/product"}],"about":[{"href":"https:\/\/games.tactic.net\/fr\/wp-json\/wp\/v2\/types\/product"}],"wp:attachment":[{"href":"https:\/\/games.tactic.net\/fr\/wp-json\/wp\/v2\/media?parent=431089"}],"wp:term":[{"taxonomy":"product_brand","embeddable":true,"href":"https:\/\/games.tactic.net\/fr\/wp-json\/wp\/v2\/product_brand?post=431089"},{"taxonomy":"product_cat","embeddable":true,"href":"https:\/\/games.tactic.net\/fr\/wp-json\/wp\/v2\/product_cat?post=431089"},{"taxonomy":"product_tag","embeddable":true,"href":"https:\/\/games.tactic.net\/fr\/wp-json\/wp\/v2\/product_tag?post=431089"},{"taxonomy":"brand","embeddable":true,"href":"https:\/\/games.tactic.net\/fr\/wp-json\/wp\/v2\/brand?post=431089"},{"taxonomy":"target-group","embeddable":true,"href":"https:\/\/games.tactic.net\/fr\/wp-json\/wp\/v2\/target-group?post=431089"},{"taxonomy":"discontinued","embeddable":true,"href":"https:\/\/games.tactic.net\/fr\/wp-json\/wp\/v2\/discontinued?post=431089"}],"curies":[{"name":"wp","href":"https:\/\/api.w.org\/{rel}","templated":true}]}}