{"id":430990,"date":"2022-02-03T11:42:30","date_gmt":"2022-02-03T09:42:30","guid":{"rendered":"https:\/\/games.tactic.net\/tuote\/story-game-cherche-trouve\/"},"modified":"2023-07-17T13:47:24","modified_gmt":"2023-07-17T10:47:24","slug":"story-game-cherche-trouve","status":"archive","type":"product","link":"https:\/\/games.tactic.net\/fr\/tuote\/story-game-cherche-trouve\/","title":{"rendered":"Story Game Cherche  trouve"},"content":{"rendered":"<div>\u00c9voluez dans un monde plein d\u2019intrigues par des filatures et essayez de compl\u00e9ter votre tableau de chasse avec des objets perdus ! Par un temps ensoleill\u00e9, vous allez o\u00f9 vous le souhaitez, mais un ciel nuageux vous renvoie \u00e0 votre point de d\u00e9part. Le premier joueur qui retrouve tous les trois objets gagne !<\/div>\n<div><\/div>\n<div>\u2022 Il d\u00e9veloppe la simple prise de d\u00e9cision et la r\u00e9flexion strat\u00e9gique.<\/div>\n<div>\u2022 La filature ajoute de l\u2019enthousiasme \u00e0 ce jeu !<\/div>\n<div>\u2022 Le th\u00e8me du d\u00e9tective rend ce jeu passionnant et vraiment amusant !<\/div>\n","protected":false},"excerpt":{"rendered":"<p>\u00c9voluez dans un monde plein d\u2019intrigues par des filatures et essayez de compl\u00e9ter votre tableau de chasse avec des objets perdus ! Par un temps ensoleill\u00e9, vous allez o\u00f9 vous le souhaitez, mais un ciel nuageux vous renvoie \u00e0 votre point de d\u00e9part. Le premier joueur qui retrouve tous les trois objets gagne !<\/p>\n","protected":false},"featured_media":0,"template":"","meta":{"content-type":"","_monsterinsights_skip_tracking":false,"_monsterinsights_sitenote_active":false,"_monsterinsights_sitenote_note":"","_monsterinsights_sitenote_category":0},"product_brand":[],"product_cat":[1858],"product_tag":[],"brand":[],"target-group":[],"discontinued":[],"class_list":{"0":"post-430990","1":"product","2":"type-product","3":"status-archive","5":"product_cat-jeux-de-societe-enfants","7":"first","8":"outofstock","9":"taxable","10":"shipping-taxable","11":"product-type-simple"},"aioseo_notices":[],"_links":{"self":[{"href":"https:\/\/games.tactic.net\/fr\/wp-json\/wp\/v2\/product\/430990","targetHints":{"allow":["GET"]}}],"collection":[{"href":"https:\/\/games.tactic.net\/fr\/wp-json\/wp\/v2\/product"}],"about":[{"href":"https:\/\/games.tactic.net\/fr\/wp-json\/wp\/v2\/types\/product"}],"wp:attachment":[{"href":"https:\/\/games.tactic.net\/fr\/wp-json\/wp\/v2\/media?parent=430990"}],"wp:term":[{"taxonomy":"product_brand","embeddable":true,"href":"https:\/\/games.tactic.net\/fr\/wp-json\/wp\/v2\/product_brand?post=430990"},{"taxonomy":"product_cat","embeddable":true,"href":"https:\/\/games.tactic.net\/fr\/wp-json\/wp\/v2\/product_cat?post=430990"},{"taxonomy":"product_tag","embeddable":true,"href":"https:\/\/games.tactic.net\/fr\/wp-json\/wp\/v2\/product_tag?post=430990"},{"taxonomy":"brand","embeddable":true,"href":"https:\/\/games.tactic.net\/fr\/wp-json\/wp\/v2\/brand?post=430990"},{"taxonomy":"target-group","embeddable":true,"href":"https:\/\/games.tactic.net\/fr\/wp-json\/wp\/v2\/target-group?post=430990"},{"taxonomy":"discontinued","embeddable":true,"href":"https:\/\/games.tactic.net\/fr\/wp-json\/wp\/v2\/discontinued?post=430990"}],"curies":[{"name":"wp","href":"https:\/\/api.w.org\/{rel}","templated":true}]}}