{"id":430975,"date":"2022-02-03T11:42:23","date_gmt":"2022-02-03T09:42:23","guid":{"rendered":"https:\/\/games.tactic.net\/tuote\/story-game-voyage-dans-lespace\/"},"modified":"2023-07-17T13:47:42","modified_gmt":"2023-07-17T10:47:42","slug":"story-game-voyage-dans-lespace","status":"archive","type":"product","link":"https:\/\/games.tactic.net\/fr\/tuote\/story-game-voyage-dans-lespace\/","title":{"rendered":"Story Game Voyage dans l\u2019Espace"},"content":{"rendered":"<div>Faites rouler le d\u00e9, et v\u00e9rifiez le num\u00e9ro et la couleur sur votre tableau Astro. Essayez de marquer chaque trace du vaisseau avec les pi\u00e8ces de plan\u00e8te et soyez le premier \u00e0 crier \u2019\u2019Destruction\u2019\u2019. Ce jeu moderne et classique vous tient en haleine du d\u00e9but \u00e0 la fin !<\/div>\n<div><\/div>\n<div>\u2022 Riche contenu avec 6 tableaux Astro et plus de 100 pi\u00e8ces de plan\u00e8te !<\/div>\n<div>\u2022 Ce jeu est simple et vous ne vous en passerez plus.<\/div>\n<div>\u2022 La fiction devient r\u00e9alit\u00e9 dans le jeu !<\/div>\n","protected":false},"excerpt":{"rendered":"<p>Faites rouler le d\u00e9, et v\u00e9rifiez le num\u00e9ro et la couleur sur votre tableau Astro. Essayez de marquer chaque trace du vaisseau avec les pi\u00e8ces de plan\u00e8te et soyez le premier \u00e0 crier \u2019\u2019Destruction\u2019\u2019. Ce jeu moderne et classique vous tient en haleine du d\u00e9but \u00e0 la fin !<\/p>\n","protected":false},"featured_media":0,"template":"","meta":{"content-type":"","_monsterinsights_skip_tracking":false,"_monsterinsights_sitenote_active":false,"_monsterinsights_sitenote_note":"","_monsterinsights_sitenote_category":0},"product_brand":[],"product_cat":[1858],"product_tag":[],"brand":[],"target-group":[],"discontinued":[],"class_list":{"0":"post-430975","1":"product","2":"type-product","3":"status-archive","5":"product_cat-jeux-de-societe-enfants","7":"first","8":"outofstock","9":"taxable","10":"shipping-taxable","11":"product-type-simple"},"aioseo_notices":[],"_links":{"self":[{"href":"https:\/\/games.tactic.net\/fr\/wp-json\/wp\/v2\/product\/430975","targetHints":{"allow":["GET"]}}],"collection":[{"href":"https:\/\/games.tactic.net\/fr\/wp-json\/wp\/v2\/product"}],"about":[{"href":"https:\/\/games.tactic.net\/fr\/wp-json\/wp\/v2\/types\/product"}],"wp:attachment":[{"href":"https:\/\/games.tactic.net\/fr\/wp-json\/wp\/v2\/media?parent=430975"}],"wp:term":[{"taxonomy":"product_brand","embeddable":true,"href":"https:\/\/games.tactic.net\/fr\/wp-json\/wp\/v2\/product_brand?post=430975"},{"taxonomy":"product_cat","embeddable":true,"href":"https:\/\/games.tactic.net\/fr\/wp-json\/wp\/v2\/product_cat?post=430975"},{"taxonomy":"product_tag","embeddable":true,"href":"https:\/\/games.tactic.net\/fr\/wp-json\/wp\/v2\/product_tag?post=430975"},{"taxonomy":"brand","embeddable":true,"href":"https:\/\/games.tactic.net\/fr\/wp-json\/wp\/v2\/brand?post=430975"},{"taxonomy":"target-group","embeddable":true,"href":"https:\/\/games.tactic.net\/fr\/wp-json\/wp\/v2\/target-group?post=430975"},{"taxonomy":"discontinued","embeddable":true,"href":"https:\/\/games.tactic.net\/fr\/wp-json\/wp\/v2\/discontinued?post=430975"}],"curies":[{"name":"wp","href":"https:\/\/api.w.org\/{rel}","templated":true}]}}