{"id":430960,"date":"2022-02-03T11:42:17","date_gmt":"2022-02-03T09:42:17","guid":{"rendered":"https:\/\/games.tactic.net\/tuote\/story-game-explore-locean\/"},"modified":"2023-07-17T13:48:03","modified_gmt":"2023-07-17T10:48:03","slug":"story-game-explore-locean","status":"archive","type":"product","link":"https:\/\/games.tactic.net\/fr\/tuote\/story-game-explore-locean\/","title":{"rendered":"Story Game Explore l\u2019Oc\u00e9an"},"content":{"rendered":"<div>Lancez le grand d\u00e9 en bois et retournez l\u2019un des puzzles sur la table. Essayez de trouver les bonnes pi\u00e8ces de votre puzzle marin, tout en gardant un \u0153il sur les pi\u00e8ces des autres joueurs. Un jeu facile \u00e0 apprendre pour les jeunes d\u00e9butants !<\/div>\n<div><\/div>\n<div>\u2022 Il d\u00e9veloppe les capacit\u00e9s d\u2019identification ainsi que la m\u00e9moire.<\/div>\n<div>\u2022 Il contient avec un magnifique et grand d\u00e9 en bois !<\/div>\n<div>\u2022 Une combinaison parfaite de chance et de m\u00e9moire.<\/div>\n","protected":false},"excerpt":{"rendered":"<p>Lancez le grand d\u00e9 en bois et retournez l\u2019un des puzzles sur la table. Essayez de trouver les bonnes pi\u00e8ces de votre puzzle marin, tout en gardant un \u0153il sur les pi\u00e8ces des autres joueurs. Un jeu facile \u00e0 apprendre pour les jeunes d\u00e9butants !<\/p>\n","protected":false},"featured_media":0,"template":"","meta":{"content-type":"","_monsterinsights_skip_tracking":false,"_monsterinsights_sitenote_active":false,"_monsterinsights_sitenote_note":"","_monsterinsights_sitenote_category":0},"product_brand":[],"product_cat":[1858],"product_tag":[],"brand":[],"target-group":[],"discontinued":[],"class_list":{"0":"post-430960","1":"product","2":"type-product","3":"status-archive","5":"product_cat-jeux-de-societe-enfants","7":"first","8":"outofstock","9":"taxable","10":"shipping-taxable","11":"product-type-simple"},"aioseo_notices":[],"_links":{"self":[{"href":"https:\/\/games.tactic.net\/fr\/wp-json\/wp\/v2\/product\/430960","targetHints":{"allow":["GET"]}}],"collection":[{"href":"https:\/\/games.tactic.net\/fr\/wp-json\/wp\/v2\/product"}],"about":[{"href":"https:\/\/games.tactic.net\/fr\/wp-json\/wp\/v2\/types\/product"}],"wp:attachment":[{"href":"https:\/\/games.tactic.net\/fr\/wp-json\/wp\/v2\/media?parent=430960"}],"wp:term":[{"taxonomy":"product_brand","embeddable":true,"href":"https:\/\/games.tactic.net\/fr\/wp-json\/wp\/v2\/product_brand?post=430960"},{"taxonomy":"product_cat","embeddable":true,"href":"https:\/\/games.tactic.net\/fr\/wp-json\/wp\/v2\/product_cat?post=430960"},{"taxonomy":"product_tag","embeddable":true,"href":"https:\/\/games.tactic.net\/fr\/wp-json\/wp\/v2\/product_tag?post=430960"},{"taxonomy":"brand","embeddable":true,"href":"https:\/\/games.tactic.net\/fr\/wp-json\/wp\/v2\/brand?post=430960"},{"taxonomy":"target-group","embeddable":true,"href":"https:\/\/games.tactic.net\/fr\/wp-json\/wp\/v2\/target-group?post=430960"},{"taxonomy":"discontinued","embeddable":true,"href":"https:\/\/games.tactic.net\/fr\/wp-json\/wp\/v2\/discontinued?post=430960"}],"curies":[{"name":"wp","href":"https:\/\/api.w.org\/{rel}","templated":true}]}}