{"id":430370,"date":"2022-02-03T11:34:19","date_gmt":"2022-02-03T09:34:19","guid":{"rendered":"https:\/\/games.tactic.net\/tuote\/france-quiz\/"},"modified":"2023-07-17T14:41:42","modified_gmt":"2023-07-17T11:41:42","slug":"france-quiz","status":"archive","type":"product","link":"https:\/\/games.tactic.net\/fr\/tuote\/france-quiz\/","title":{"rendered":"France Quiz"},"content":{"rendered":"<div>Dans cette nouvelle version passionnante, d\u00e9couvrez des m\u00e9caniques de jeu enti\u00e8rement repens\u00e9es et encore plus de questions amusantes. Tout le monde joue en m\u00eame temps et r\u00e9pond \u00e0 des questions \u00e0 choix multiples.<\/div>\n<div>6 cat\u00e9gories de questions<\/div>\n","protected":false},"excerpt":{"rendered":"<div>Dans cette nouvelle version passionnante, d\u00e9couvrez des m\u00e9caniques de jeu enti\u00e8rement repens\u00e9es et encore plus de questions amusantes. Tout le monde joue en m\u00eame temps et r\u00e9pond \u00e0 des questions \u00e0 choix multiples.<\/div>\n<div>6 cat\u00e9gories de questions<\/div>\n","protected":false},"featured_media":0,"template":"","meta":{"content-type":"","_monsterinsights_skip_tracking":false,"_monsterinsights_sitenote_active":false,"_monsterinsights_sitenote_note":"","_monsterinsights_sitenote_category":0},"product_brand":[],"product_cat":[1862,1906],"product_tag":[],"brand":[],"target-group":[],"discontinued":[],"class_list":{"0":"post-430370","1":"product","2":"type-product","3":"status-archive","5":"product_cat-jeux-de-quiz-jeux-adultes","6":"product_cat-jeux-de-quiz-jeux-famille-2","8":"first","9":"outofstock","10":"taxable","11":"shipping-taxable","12":"product-type-simple"},"aioseo_notices":[],"_links":{"self":[{"href":"https:\/\/games.tactic.net\/fr\/wp-json\/wp\/v2\/product\/430370","targetHints":{"allow":["GET"]}}],"collection":[{"href":"https:\/\/games.tactic.net\/fr\/wp-json\/wp\/v2\/product"}],"about":[{"href":"https:\/\/games.tactic.net\/fr\/wp-json\/wp\/v2\/types\/product"}],"wp:attachment":[{"href":"https:\/\/games.tactic.net\/fr\/wp-json\/wp\/v2\/media?parent=430370"}],"wp:term":[{"taxonomy":"product_brand","embeddable":true,"href":"https:\/\/games.tactic.net\/fr\/wp-json\/wp\/v2\/product_brand?post=430370"},{"taxonomy":"product_cat","embeddable":true,"href":"https:\/\/games.tactic.net\/fr\/wp-json\/wp\/v2\/product_cat?post=430370"},{"taxonomy":"product_tag","embeddable":true,"href":"https:\/\/games.tactic.net\/fr\/wp-json\/wp\/v2\/product_tag?post=430370"},{"taxonomy":"brand","embeddable":true,"href":"https:\/\/games.tactic.net\/fr\/wp-json\/wp\/v2\/brand?post=430370"},{"taxonomy":"target-group","embeddable":true,"href":"https:\/\/games.tactic.net\/fr\/wp-json\/wp\/v2\/target-group?post=430370"},{"taxonomy":"discontinued","embeddable":true,"href":"https:\/\/games.tactic.net\/fr\/wp-json\/wp\/v2\/discontinued?post=430370"}],"curies":[{"name":"wp","href":"https:\/\/api.w.org\/{rel}","templated":true}]}}