{"id":430187,"date":"2022-02-03T11:30:47","date_gmt":"2022-02-03T09:30:47","guid":{"rendered":"https:\/\/games.tactic.net\/tuote\/iknow-2\/"},"modified":"2023-07-17T14:54:54","modified_gmt":"2023-07-17T11:54:54","slug":"iknow-2","status":"archive","type":"product","link":"https:\/\/games.tactic.net\/fr\/tuote\/iknow-2\/","title":{"rendered":"iKNOW"},"content":{"rendered":"<p><span style=\"font-size: 9pt;font-family: MyriadPro\">Apr\u00e8s avoir entendu la question, vous choisissez combien d\u2019indices vous souhaitez conna\u00eetre avant de donner votre r\u00e9ponse, puis pariez sur les r\u00e9ponses des autres joueurs. Vous pouvez donc gagner des points en r\u00e9pondant correctement \u00e0 la question mais aussi gagner des points suppl\u00e9mentaires en devinant si les autres joueurs ont r\u00e9pondu correctement \u00e0 cette m\u00eame question ou non.<\/span><\/p>\n<p><span style=\"font-size: 9pt;font-family: MyriadPro\"><br \/><\/span><span style=\"font-size: 9pt;font-family: MyriadPro\">\u2022 Un jeu au concept novateur avec un design unique.<\/span><\/p>\n","protected":false},"excerpt":{"rendered":"\n<div class=\"page\" title=\"Page 12\">\n<div class=\"layoutArea\">\n<div class=\"column\">\n<p><span style=\"font-size: 9.000000pt;font-family: 'MyriadPro'\">Apr\u00e8s avoir entendu la question, vous choisissez<br \/>\ncombien d\u2019indices vous souhaitez conna\u00eetre avant de<br \/>\ndonner votre r\u00e9ponse, puis pariez sur les r\u00e9ponses<br \/>\ndes autres joueurs. Vous pouvez donc gagner des<br \/>\npoints en r\u00e9pondant correctement \u00e0 la question mais<br \/>\naussi gagner des points suppl\u00e9mentaires en devinant<br \/>\nsi les autres joueurs ont r\u00e9pondu correctement \u00e0<br \/>\ncette m\u00eame question ou non.<\/span><\/p>\n<\/p><\/div>\n<\/p><\/div>\n<\/p><\/div>\n","protected":false},"featured_media":0,"template":"","meta":{"content-type":"","_monsterinsights_skip_tracking":false,"_monsterinsights_sitenote_active":false,"_monsterinsights_sitenote_note":"","_monsterinsights_sitenote_category":0},"product_brand":[],"product_cat":[1906,1862],"product_tag":[1327],"brand":[{"id":2108,"name":"iKNOW","slug":"iknow_fr"}],"target-group":[],"discontinued":[],"class_list":{"0":"post-430187","1":"product","2":"type-product","3":"status-archive","5":"product_cat-jeux-de-quiz-jeux-famille-2","6":"product_cat-jeux-de-quiz-jeux-adultes","7":"product_tag-connaissance","8":"brand-iknow_fr","10":"first","11":"outofstock","12":"taxable","13":"shipping-taxable","14":"product-type-simple"},"aioseo_notices":[],"_links":{"self":[{"href":"https:\/\/games.tactic.net\/fr\/wp-json\/wp\/v2\/product\/430187","targetHints":{"allow":["GET"]}}],"collection":[{"href":"https:\/\/games.tactic.net\/fr\/wp-json\/wp\/v2\/product"}],"about":[{"href":"https:\/\/games.tactic.net\/fr\/wp-json\/wp\/v2\/types\/product"}],"wp:attachment":[{"href":"https:\/\/games.tactic.net\/fr\/wp-json\/wp\/v2\/media?parent=430187"}],"wp:term":[{"taxonomy":"product_brand","embeddable":true,"href":"https:\/\/games.tactic.net\/fr\/wp-json\/wp\/v2\/product_brand?post=430187"},{"taxonomy":"product_cat","embeddable":true,"href":"https:\/\/games.tactic.net\/fr\/wp-json\/wp\/v2\/product_cat?post=430187"},{"taxonomy":"product_tag","embeddable":true,"href":"https:\/\/games.tactic.net\/fr\/wp-json\/wp\/v2\/product_tag?post=430187"},{"taxonomy":"brand","embeddable":true,"href":"https:\/\/games.tactic.net\/fr\/wp-json\/wp\/v2\/brand?post=430187"},{"taxonomy":"target-group","embeddable":true,"href":"https:\/\/games.tactic.net\/fr\/wp-json\/wp\/v2\/target-group?post=430187"},{"taxonomy":"discontinued","embeddable":true,"href":"https:\/\/games.tactic.net\/fr\/wp-json\/wp\/v2\/discontinued?post=430187"}],"curies":[{"name":"wp","href":"https:\/\/api.w.org\/{rel}","templated":true}]}}