{"id":429093,"date":"2022-02-03T10:12:38","date_gmt":"2022-02-03T08:12:38","guid":{"rendered":"https:\/\/games.tactic.net\/tuote\/balade-autour-du-monde\/"},"modified":"2023-07-17T14:53:33","modified_gmt":"2023-07-17T11:53:33","slug":"balade-autour-du-monde","status":"archive","type":"product","link":"https:\/\/games.tactic.net\/fr\/tuote\/balade-autour-du-monde\/","title":{"rendered":"Balade autour du Monde"},"content":{"rendered":"<p><b>Choisissez un drapeau et tentez de vous souvenir \u00e0 quel pays il appartient, et quelle est la capitale de cette nation. Le premier \u00e0 avoir pos\u00e9 ses cinq pions remporte la partie!<\/b><br \/>\n<br \/>&#8211; Contient de nombreuses informations int\u00e9ressantes et actuelles sur chaque pays du monde.<\/br><br \/>\n<br \/>&#8211; Les cartes joker ajoutent du piment \u00e0 la partie!<\/br><br \/>\n<br \/>&#8211; Des r\u00e8gles simples, faciles \u00e0 comprendre.<\/br><\/p>\n","protected":false},"excerpt":{"rendered":"<p>Choisissez un drapeau et tentez de vous souvenir \u00e0 quel pays il appartient, et quelle est la capitale de cette nation. Le premier \u00e0 avoir pos\u00e9 ses cinq pions remporte la partie!<\/p>\n","protected":false},"featured_media":0,"template":"","meta":{"content-type":"","_monsterinsights_skip_tracking":false,"_monsterinsights_sitenote_active":false,"_monsterinsights_sitenote_note":"","_monsterinsights_sitenote_category":0},"product_brand":[],"product_cat":[1906],"product_tag":[],"brand":[],"target-group":[],"discontinued":[],"class_list":{"0":"post-429093","1":"product","2":"type-product","3":"status-archive","5":"product_cat-jeux-de-quiz-jeux-famille-2","7":"first","8":"outofstock","9":"taxable","10":"shipping-taxable","11":"product-type-simple"},"aioseo_notices":[],"_links":{"self":[{"href":"https:\/\/games.tactic.net\/fr\/wp-json\/wp\/v2\/product\/429093","targetHints":{"allow":["GET"]}}],"collection":[{"href":"https:\/\/games.tactic.net\/fr\/wp-json\/wp\/v2\/product"}],"about":[{"href":"https:\/\/games.tactic.net\/fr\/wp-json\/wp\/v2\/types\/product"}],"wp:attachment":[{"href":"https:\/\/games.tactic.net\/fr\/wp-json\/wp\/v2\/media?parent=429093"}],"wp:term":[{"taxonomy":"product_brand","embeddable":true,"href":"https:\/\/games.tactic.net\/fr\/wp-json\/wp\/v2\/product_brand?post=429093"},{"taxonomy":"product_cat","embeddable":true,"href":"https:\/\/games.tactic.net\/fr\/wp-json\/wp\/v2\/product_cat?post=429093"},{"taxonomy":"product_tag","embeddable":true,"href":"https:\/\/games.tactic.net\/fr\/wp-json\/wp\/v2\/product_tag?post=429093"},{"taxonomy":"brand","embeddable":true,"href":"https:\/\/games.tactic.net\/fr\/wp-json\/wp\/v2\/brand?post=429093"},{"taxonomy":"target-group","embeddable":true,"href":"https:\/\/games.tactic.net\/fr\/wp-json\/wp\/v2\/target-group?post=429093"},{"taxonomy":"discontinued","embeddable":true,"href":"https:\/\/games.tactic.net\/fr\/wp-json\/wp\/v2\/discontinued?post=429093"}],"curies":[{"name":"wp","href":"https:\/\/api.w.org\/{rel}","templated":true}]}}