{"id":428602,"date":"2022-02-03T09:57:57","date_gmt":"2022-02-03T07:57:57","guid":{"rendered":"https:\/\/games.tactic.net\/tuote\/molkky-3\/"},"modified":"2022-02-03T09:57:57","modified_gmt":"2022-02-03T07:57:57","slug":"molkky-3","status":"publish","type":"product","link":"https:\/\/games.tactic.net\/fr\/tuote\/molkky-3\/","title":{"rendered":"M\u00f6lkky"},"content":{"rendered":"<p>Mettez les quilles num\u00e9rot\u00e9es en place, puis lancez le M\u00f6lkky ! Le premier \u00e0 atteindre exactement 50 points remporte la manche. Mais attention, si vous d\u00e9passez 50, votre score retombera \u00e0 25 !<\/p>\n<div><\/div>\n<div>\u2022 Le syst\u00e8me de points demande strat\u00e9gie et adresse.<\/div>\n<div>\u2022 Une version plus \u00e9conomique, dans une bo\u00eete en carton avec anse en plastique.<\/div>\n<div>\u2022 Un succ\u00e8s international !<\/div>\n","protected":false},"excerpt":{"rendered":"<p>Mettez les quilles num\u00e9rot\u00e9es en place, puis lancez le M\u00f6lkky ! Le premier \u00e0 atteindre exactement 50 points remporte la manche. Mais attention, si vous d\u00e9passez 50, votre score retombera \u00e0 25 !<\/p>\n","protected":false},"featured_media":428588,"template":"","meta":{"content-type":"","_monsterinsights_skip_tracking":false,"_monsterinsights_sitenote_active":false,"_monsterinsights_sitenote_note":"","_monsterinsights_sitenote_category":0},"product_brand":[],"product_cat":[1884],"product_tag":[],"brand":[],"target-group":[],"discontinued":[],"class_list":{"0":"post-428602","1":"product","2":"type-product","3":"status-publish","4":"has-post-thumbnail","6":"product_cat-jeux","8":"first","9":"outofstock","10":"taxable","11":"shipping-taxable","12":"product-type-simple"},"aioseo_notices":[],"_links":{"self":[{"href":"https:\/\/games.tactic.net\/fr\/wp-json\/wp\/v2\/product\/428602","targetHints":{"allow":["GET"]}}],"collection":[{"href":"https:\/\/games.tactic.net\/fr\/wp-json\/wp\/v2\/product"}],"about":[{"href":"https:\/\/games.tactic.net\/fr\/wp-json\/wp\/v2\/types\/product"}],"wp:featuredmedia":[{"embeddable":true,"href":"https:\/\/games.tactic.net\/fr\/wp-json\/wp\/v2\/media\/428588"}],"wp:attachment":[{"href":"https:\/\/games.tactic.net\/fr\/wp-json\/wp\/v2\/media?parent=428602"}],"wp:term":[{"taxonomy":"product_brand","embeddable":true,"href":"https:\/\/games.tactic.net\/fr\/wp-json\/wp\/v2\/product_brand?post=428602"},{"taxonomy":"product_cat","embeddable":true,"href":"https:\/\/games.tactic.net\/fr\/wp-json\/wp\/v2\/product_cat?post=428602"},{"taxonomy":"product_tag","embeddable":true,"href":"https:\/\/games.tactic.net\/fr\/wp-json\/wp\/v2\/product_tag?post=428602"},{"taxonomy":"brand","embeddable":true,"href":"https:\/\/games.tactic.net\/fr\/wp-json\/wp\/v2\/brand?post=428602"},{"taxonomy":"target-group","embeddable":true,"href":"https:\/\/games.tactic.net\/fr\/wp-json\/wp\/v2\/target-group?post=428602"},{"taxonomy":"discontinued","embeddable":true,"href":"https:\/\/games.tactic.net\/fr\/wp-json\/wp\/v2\/discontinued?post=428602"}],"curies":[{"name":"wp","href":"https:\/\/api.w.org\/{rel}","templated":true}]}}