{"id":428587,"date":"2022-02-03T09:57:25","date_gmt":"2022-02-03T07:57:25","guid":{"rendered":"https:\/\/games.tactic.net\/tuote\/la-chasse-aux-tresors\/"},"modified":"2022-02-03T09:57:25","modified_gmt":"2022-02-03T07:57:25","slug":"la-chasse-aux-tresors","status":"publish","type":"product","link":"https:\/\/games.tactic.net\/fr\/tuote\/la-chasse-aux-tresors\/","title":{"rendered":"La Chasse aux Tr\u00e9sors"},"content":{"rendered":"<div>Mettre sur pied une chasse au tr\u00e9sor n\u2019a jamais \u00e9t\u00e9 facile ! Dessinez, \u00e9crivez ou marquez des indices sur les cartes, cachez-les pour que les pirates les retrouvent et envoyez la joyeuse bande \u00e0 la recherche du tr\u00e9sor. Que vous soyez en int\u00e9rieur ou en ext\u00e9rieur, c\u2019est une excellente fa\u00e7on de faire s\u2019\u00e9vader les enfants !<\/div>\n<div><\/div>\n<div>\u2022 Un concept simple et par \u00e9tape pour cr\u00e9er une chasse au tr\u00e9sor.<\/div>\n<div>\u2022 Il vient avec de grands sacs en toile de jute, des cartes d\u2019indices et de vraies pi\u00e8ces en argent !<\/div>\n<div>\u2022 Riche en activit\u00e9 physique et plein d\u2019\u00e9nigmes dr\u00f4les \u00e0 r\u00e9soudre !<\/div>\n","protected":false},"excerpt":{"rendered":"<p>Mettre sur pied une chasse au tr\u00e9sor n\u2019a jamais \u00e9t\u00e9 facile ! Dessinez, \u00e9crivez ou marquez des indices sur les cartes, cachez-les pour que les pirates les retrouvent et envoyez la joyeuse bande \u00e0 la recherche du tr\u00e9sor. Que vous soyez en int\u00e9rieur ou en ext\u00e9rieur, c\u2019est une excellente fa\u00e7on de faire s\u2019\u00e9vader les enfants !<\/p>\n","protected":false},"featured_media":428573,"template":"","meta":{"content-type":"","_monsterinsights_skip_tracking":false,"_monsterinsights_sitenote_active":false,"_monsterinsights_sitenote_note":"","_monsterinsights_sitenote_category":0},"product_brand":[],"product_cat":[1885],"product_tag":[],"brand":[],"target-group":[],"discontinued":[],"class_list":{"0":"post-428587","1":"product","2":"type-product","3":"status-publish","4":"has-post-thumbnail","6":"product_cat-autres-jeux-dexterieur","8":"first","9":"outofstock","10":"taxable","11":"shipping-taxable","12":"product-type-simple"},"aioseo_notices":[],"_links":{"self":[{"href":"https:\/\/games.tactic.net\/fr\/wp-json\/wp\/v2\/product\/428587","targetHints":{"allow":["GET"]}}],"collection":[{"href":"https:\/\/games.tactic.net\/fr\/wp-json\/wp\/v2\/product"}],"about":[{"href":"https:\/\/games.tactic.net\/fr\/wp-json\/wp\/v2\/types\/product"}],"wp:featuredmedia":[{"embeddable":true,"href":"https:\/\/games.tactic.net\/fr\/wp-json\/wp\/v2\/media\/428573"}],"wp:attachment":[{"href":"https:\/\/games.tactic.net\/fr\/wp-json\/wp\/v2\/media?parent=428587"}],"wp:term":[{"taxonomy":"product_brand","embeddable":true,"href":"https:\/\/games.tactic.net\/fr\/wp-json\/wp\/v2\/product_brand?post=428587"},{"taxonomy":"product_cat","embeddable":true,"href":"https:\/\/games.tactic.net\/fr\/wp-json\/wp\/v2\/product_cat?post=428587"},{"taxonomy":"product_tag","embeddable":true,"href":"https:\/\/games.tactic.net\/fr\/wp-json\/wp\/v2\/product_tag?post=428587"},{"taxonomy":"brand","embeddable":true,"href":"https:\/\/games.tactic.net\/fr\/wp-json\/wp\/v2\/brand?post=428587"},{"taxonomy":"target-group","embeddable":true,"href":"https:\/\/games.tactic.net\/fr\/wp-json\/wp\/v2\/target-group?post=428587"},{"taxonomy":"discontinued","embeddable":true,"href":"https:\/\/games.tactic.net\/fr\/wp-json\/wp\/v2\/discontinued?post=428587"}],"curies":[{"name":"wp","href":"https:\/\/api.w.org\/{rel}","templated":true}]}}