{"id":428432,"date":"2022-02-03T09:50:36","date_gmt":"2022-02-03T07:50:36","guid":{"rendered":"https:\/\/games.tactic.net\/tuote\/ninja-rush\/"},"modified":"2023-07-17T14:56:57","modified_gmt":"2023-07-17T11:56:57","slug":"ninja-rush","status":"archive","type":"product","link":"https:\/\/games.tactic.net\/fr\/tuote\/ninja-rush\/","title":{"rendered":"Ninja Rush"},"content":{"rendered":"<div><font color=\"#1c1c1b\" face=\"MyriadPro\"><br \/><\/font><\/div>\n<ul>\n<li style=\"font-family: MyriadPro\">\n<p>Retournez une carte et suivez les instructions du Sensei (Ma\u00eetre) ! Chaque joueur \u00e0 son tour retourne les sabliers du temps sur la table de jeu suivant les instructions sur les cartes. Si le sable coule jusqu\u2019au bout, vous risquez de perdre la partie ! Un jeu pour la famille plein de vitesse et d\u2019action !<\/p>\n<p><\/p>\n<\/p>\n<ul style=\"font-family: -webkit-standard\">\n<li style=\"font-family: MyriadPro\">\n<p>Contient des figurines extraordinaires en 3D de Ninjas et des sabliers !<\/p>\n<\/li>\n<li style=\"font-family: MyriadPro\">\n<p>Facile \u00e0 apprendre et pourtant di cile \u00e0 ma\u00eetriser.<\/p>\n<\/li>\n<li style=\"font-family: MyriadPro\">\n<p>R\u00e9flexion et r\u00e9flexes rapides n\u00e9cessaires !<\/p>\n<\/li>\n<\/ul>\n<\/li>\n<\/ul>\n","protected":false},"excerpt":{"rendered":"\n<div class=\"page\" title=\"Page 6\">\n<div class=\"layoutArea\">\n<div class=\"column\">\n<p><span style=\"font-family: MyriadPro\">Retournez une carte et suivez les instructions du<br \/>\nSensei (Ma\u00eetre) ! Chaque joueur \u00e0 son tour retourne<br \/>\nles sabliers du temps sur la table de jeu suivant les<br \/>\ninstructions sur les cartes. Si le sable coule jusqu\u2019au<br \/>\nbout, vous risquez de perdre la partie ! Un jeu pour la<br \/>\nfamille plein de vitesse et d\u2019action !<\/span><\/p>\n<\/p><\/div>\n<\/p><\/div>\n<\/p><\/div>\n","protected":false},"featured_media":0,"template":"","meta":{"content-type":"","_monsterinsights_skip_tracking":false,"_monsterinsights_sitenote_active":false,"_monsterinsights_sitenote_note":"","_monsterinsights_sitenote_category":0},"product_brand":[],"product_cat":[1860],"product_tag":[],"brand":[],"target-group":[],"discontinued":[],"class_list":{"0":"post-428432","1":"product","2":"type-product","3":"status-archive","5":"product_cat-jeux-de-societe","7":"first","8":"outofstock","9":"taxable","10":"shipping-taxable","11":"product-type-simple"},"aioseo_notices":[],"_links":{"self":[{"href":"https:\/\/games.tactic.net\/fr\/wp-json\/wp\/v2\/product\/428432","targetHints":{"allow":["GET"]}}],"collection":[{"href":"https:\/\/games.tactic.net\/fr\/wp-json\/wp\/v2\/product"}],"about":[{"href":"https:\/\/games.tactic.net\/fr\/wp-json\/wp\/v2\/types\/product"}],"wp:attachment":[{"href":"https:\/\/games.tactic.net\/fr\/wp-json\/wp\/v2\/media?parent=428432"}],"wp:term":[{"taxonomy":"product_brand","embeddable":true,"href":"https:\/\/games.tactic.net\/fr\/wp-json\/wp\/v2\/product_brand?post=428432"},{"taxonomy":"product_cat","embeddable":true,"href":"https:\/\/games.tactic.net\/fr\/wp-json\/wp\/v2\/product_cat?post=428432"},{"taxonomy":"product_tag","embeddable":true,"href":"https:\/\/games.tactic.net\/fr\/wp-json\/wp\/v2\/product_tag?post=428432"},{"taxonomy":"brand","embeddable":true,"href":"https:\/\/games.tactic.net\/fr\/wp-json\/wp\/v2\/brand?post=428432"},{"taxonomy":"target-group","embeddable":true,"href":"https:\/\/games.tactic.net\/fr\/wp-json\/wp\/v2\/target-group?post=428432"},{"taxonomy":"discontinued","embeddable":true,"href":"https:\/\/games.tactic.net\/fr\/wp-json\/wp\/v2\/discontinued?post=428432"}],"curies":[{"name":"wp","href":"https:\/\/api.w.org\/{rel}","templated":true}]}}