{"id":427883,"date":"2022-02-03T09:46:42","date_gmt":"2022-02-03T07:46:42","guid":{"rendered":"https:\/\/games.tactic.net\/tuote\/bagit\/"},"modified":"2022-02-08T09:22:58","modified_gmt":"2022-02-08T07:22:58","slug":"bagit","status":"archive","type":"product","link":"https:\/\/games.tactic.net\/fr\/tuote\/bagit\/","title":{"rendered":"BAGit !"},"content":{"rendered":"<div>Formez deux \u00e9quipes, marquez le terrain et jouez ! Chaque \u00e9quipe essaie de venir placer son sac de haricots dans le panier de but adverse tout en prot\u00e9geant le sien !<\/div>\n<div><\/div>\n<div>\u2022 Un jeu de plein air qui vous fera bouger !<\/div>\n<div>\u2022 Des r\u00e8gles simples pour que tout le monde<\/div>\n<div>s\u2019amuse, m\u00eame les plus jeunes !<\/div>\n<div>\u2022 Avec deux grands paniers en tissu<\/div>\n<div>et deux sacs de haricots !<\/div>\n","protected":false},"excerpt":{"rendered":"<p>Formez deux \u00e9quipes, marquez le terrain et jouez ! Chaque \u00e9quipe essaie de venir placer son sac de haricots dans le panier de but adverse tout en prot\u00e9geant le sien !<\/p>\n","protected":false},"featured_media":0,"template":"","meta":{"content-type":"","_monsterinsights_skip_tracking":false,"_monsterinsights_sitenote_active":false,"_monsterinsights_sitenote_note":"","_monsterinsights_sitenote_category":0},"product_brand":[],"product_cat":[1885],"product_tag":[],"brand":[],"target-group":[],"discontinued":[],"class_list":{"0":"post-427883","1":"product","2":"type-product","3":"status-archive","5":"product_cat-autres-jeux-dexterieur","7":"first","8":"outofstock","9":"taxable","10":"shipping-taxable","11":"product-type-simple"},"aioseo_notices":[],"_links":{"self":[{"href":"https:\/\/games.tactic.net\/fr\/wp-json\/wp\/v2\/product\/427883","targetHints":{"allow":["GET"]}}],"collection":[{"href":"https:\/\/games.tactic.net\/fr\/wp-json\/wp\/v2\/product"}],"about":[{"href":"https:\/\/games.tactic.net\/fr\/wp-json\/wp\/v2\/types\/product"}],"wp:attachment":[{"href":"https:\/\/games.tactic.net\/fr\/wp-json\/wp\/v2\/media?parent=427883"}],"wp:term":[{"taxonomy":"product_brand","embeddable":true,"href":"https:\/\/games.tactic.net\/fr\/wp-json\/wp\/v2\/product_brand?post=427883"},{"taxonomy":"product_cat","embeddable":true,"href":"https:\/\/games.tactic.net\/fr\/wp-json\/wp\/v2\/product_cat?post=427883"},{"taxonomy":"product_tag","embeddable":true,"href":"https:\/\/games.tactic.net\/fr\/wp-json\/wp\/v2\/product_tag?post=427883"},{"taxonomy":"brand","embeddable":true,"href":"https:\/\/games.tactic.net\/fr\/wp-json\/wp\/v2\/brand?post=427883"},{"taxonomy":"target-group","embeddable":true,"href":"https:\/\/games.tactic.net\/fr\/wp-json\/wp\/v2\/target-group?post=427883"},{"taxonomy":"discontinued","embeddable":true,"href":"https:\/\/games.tactic.net\/fr\/wp-json\/wp\/v2\/discontinued?post=427883"}],"curies":[{"name":"wp","href":"https:\/\/api.w.org\/{rel}","templated":true}]}}