{"id":426607,"date":"2022-02-03T09:38:23","date_gmt":"2022-02-03T07:38:23","guid":{"rendered":"https:\/\/games.tactic.net\/tuote\/moomin-molkky\/"},"modified":"2022-02-03T09:38:23","modified_gmt":"2022-02-03T07:38:23","slug":"moomin-molkky","status":"archive","type":"product","link":"https:\/\/games.tactic.net\/fr\/tuote\/moomin-molkky\/","title":{"rendered":"Moomin M\u00f6lkky"},"content":{"rendered":"<p>Devenez adepte du M\u00f6lkky ce jeu de plein air, jeu de lancer tr\u00e8s populaire<br \/>\nen Finlande qui combine adresse, tactique et chance et s\u2019apparente \u00e0 la fois<br \/>\naux jeux de p\u00e9tanque, de billard et de bowling. <\/p>\n<p>C\u2019est  tr\u00e8s simple, et tr\u00e8s convivial,<br \/>\n soyez le premier \u00e0 atteindre 50 points exactement et c\u2019est gagn\u00e9.<br \/>\nLancez le M\u00f6lkky en essayant de renverser les quilles num\u00e9rot\u00e9es.<br \/>\nSi vous fa\u00eetes tomber une seule quille, vous marquerez  la valeur de la quille. Et si vous renversez plusieurs quilles, vous marquerez un nombre de points correspondant au nombre de quilles tomb\u00e9es.<br \/>\nMais ne d\u00e9passez pas 50 points sinon votre score redescendra \u00e0 25 points !<br \/>\nVous y jouerez partout, \u00e0 la plage, autour d\u2019un barbecue, \u00e0 l\u2019ap\u00e9ro, dans la neige\u2026<br \/>\nvous vous laisserez s\u00e9duire par ce jeu d\u2019ext\u00e9rieur en bois traditionnel pour tous les \u00e2ges\u2026<\/p>\n<div><\/div>\n<div><img decoding=\"async\" src=\"http:\/\/www.tactic.net\/img\/nuoli.png\" alt=\"Nuoli\" align=\"none\"><a href=\"http:\/\/www.molkky.com\/\" target=\"_blank\" rel=\"noopener\">www.molkky.com<\/a><\/div>\n","protected":false},"excerpt":{"rendered":"<p>Devenez adepte du M\u00f6lkky ce jeu de plein air, jeu de lancer tr\u00e8s populaire<br \/>\nen Finlande qui combine adresse, tactique et chance et s\u2019apparente \u00e0 la fois<br \/>\naux jeux de p\u00e9tanque, de billard et de bowling.<\/p>\n","protected":false},"featured_media":0,"template":"","meta":{"content-type":"","_monsterinsights_skip_tracking":false,"_monsterinsights_sitenote_active":false,"_monsterinsights_sitenote_note":"","_monsterinsights_sitenote_category":0},"product_brand":[],"product_cat":[1884],"product_tag":[],"brand":[],"target-group":[],"discontinued":[],"class_list":{"0":"post-426607","1":"product","2":"type-product","3":"status-archive","5":"product_cat-jeux","7":"first","8":"outofstock","9":"taxable","10":"shipping-taxable","11":"product-type-simple"},"aioseo_notices":[],"_links":{"self":[{"href":"https:\/\/games.tactic.net\/fr\/wp-json\/wp\/v2\/product\/426607","targetHints":{"allow":["GET"]}}],"collection":[{"href":"https:\/\/games.tactic.net\/fr\/wp-json\/wp\/v2\/product"}],"about":[{"href":"https:\/\/games.tactic.net\/fr\/wp-json\/wp\/v2\/types\/product"}],"wp:attachment":[{"href":"https:\/\/games.tactic.net\/fr\/wp-json\/wp\/v2\/media?parent=426607"}],"wp:term":[{"taxonomy":"product_brand","embeddable":true,"href":"https:\/\/games.tactic.net\/fr\/wp-json\/wp\/v2\/product_brand?post=426607"},{"taxonomy":"product_cat","embeddable":true,"href":"https:\/\/games.tactic.net\/fr\/wp-json\/wp\/v2\/product_cat?post=426607"},{"taxonomy":"product_tag","embeddable":true,"href":"https:\/\/games.tactic.net\/fr\/wp-json\/wp\/v2\/product_tag?post=426607"},{"taxonomy":"brand","embeddable":true,"href":"https:\/\/games.tactic.net\/fr\/wp-json\/wp\/v2\/brand?post=426607"},{"taxonomy":"target-group","embeddable":true,"href":"https:\/\/games.tactic.net\/fr\/wp-json\/wp\/v2\/target-group?post=426607"},{"taxonomy":"discontinued","embeddable":true,"href":"https:\/\/games.tactic.net\/fr\/wp-json\/wp\/v2\/discontinued?post=426607"}],"curies":[{"name":"wp","href":"https:\/\/api.w.org\/{rel}","templated":true}]}}