{"id":426550,"date":"2022-02-03T09:38:10","date_gmt":"2022-02-03T07:38:10","guid":{"rendered":"https:\/\/games.tactic.net\/tuote\/molkky-2\/"},"modified":"2022-02-03T09:38:10","modified_gmt":"2022-02-03T07:38:10","slug":"molkky-2","status":"archive","type":"product","link":"https:\/\/games.tactic.net\/fr\/tuote\/molkky-2\/","title":{"rendered":"M\u00f6lkky"},"content":{"rendered":"<p>A toute \u00e2ge et en toute saison, retrouvez-vous ensemble pour une partie de M\u00f6lkky. Vous pourrez l\u00b4emportez partout!<\/p>\n","protected":false},"excerpt":{"rendered":"<p>Le grand jeu de plein air et d\u00b4adresse scandinave!<\/p>\n","protected":false},"featured_media":0,"template":"","meta":{"content-type":"","_monsterinsights_skip_tracking":false,"_monsterinsights_sitenote_active":false,"_monsterinsights_sitenote_note":"","_monsterinsights_sitenote_category":0},"product_brand":[],"product_cat":[1884],"product_tag":[],"brand":[],"target-group":[],"discontinued":[],"class_list":{"0":"post-426550","1":"product","2":"type-product","3":"status-archive","5":"product_cat-jeux","7":"first","8":"outofstock","9":"taxable","10":"shipping-taxable","11":"product-type-simple"},"aioseo_notices":[],"_links":{"self":[{"href":"https:\/\/games.tactic.net\/fr\/wp-json\/wp\/v2\/product\/426550","targetHints":{"allow":["GET"]}}],"collection":[{"href":"https:\/\/games.tactic.net\/fr\/wp-json\/wp\/v2\/product"}],"about":[{"href":"https:\/\/games.tactic.net\/fr\/wp-json\/wp\/v2\/types\/product"}],"wp:attachment":[{"href":"https:\/\/games.tactic.net\/fr\/wp-json\/wp\/v2\/media?parent=426550"}],"wp:term":[{"taxonomy":"product_brand","embeddable":true,"href":"https:\/\/games.tactic.net\/fr\/wp-json\/wp\/v2\/product_brand?post=426550"},{"taxonomy":"product_cat","embeddable":true,"href":"https:\/\/games.tactic.net\/fr\/wp-json\/wp\/v2\/product_cat?post=426550"},{"taxonomy":"product_tag","embeddable":true,"href":"https:\/\/games.tactic.net\/fr\/wp-json\/wp\/v2\/product_tag?post=426550"},{"taxonomy":"brand","embeddable":true,"href":"https:\/\/games.tactic.net\/fr\/wp-json\/wp\/v2\/brand?post=426550"},{"taxonomy":"target-group","embeddable":true,"href":"https:\/\/games.tactic.net\/fr\/wp-json\/wp\/v2\/target-group?post=426550"},{"taxonomy":"discontinued","embeddable":true,"href":"https:\/\/games.tactic.net\/fr\/wp-json\/wp\/v2\/discontinued?post=426550"}],"curies":[{"name":"wp","href":"https:\/\/api.w.org\/{rel}","templated":true}]}}