{"id":423156,"date":"2022-02-02T16:22:50","date_gmt":"2022-02-02T14:22:50","guid":{"rendered":"https:\/\/games.tactic.net\/tuote\/collection-classique-tower\/"},"modified":"2023-09-27T11:21:40","modified_gmt":"2023-09-27T08:21:40","slug":"collection-classique-tower","status":"archive","type":"product","link":"https:\/\/games.tactic.net\/fr\/tuote\/collection-classique-tower\/","title":{"rendered":"Tactic Trendy Tower"},"content":{"rendered":"<p>Ne laissez pas la tour s\u00b4\u00e9crouler ! Dans ce jeu, les joueurs tirent soigneusement des blocs de la tour et les placent au sommet, mais il y a une astuce color\u00e9e ! Le d\u00e9 vous indique de quelle couleur est le bloc que vous devez d\u00e9placer. Gardez vos mains stables et votre t\u00eate froide, ou vous pourriez faire tomber la tour !<\/p>\n","protected":false},"excerpt":{"rendered":"<p><\/p>\n","protected":false},"featured_media":0,"template":"","meta":{"content-type":"","_monsterinsights_skip_tracking":false,"_monsterinsights_sitenote_active":false,"_monsterinsights_sitenote_note":"","_monsterinsights_sitenote_category":0},"product_brand":[],"product_cat":[1878,1877],"product_tag":[578,1036],"brand":[],"target-group":[],"discontinued":[],"class_list":{"0":"post-423156","1":"product","2":"type-product","3":"status-archive","5":"product_cat-jeux-classiques-jeux-adultes","6":"product_cat-jeux-classiques-jeux-famille","7":"product_tag-habilete","8":"product_tag-passe-temps","10":"first","11":"instock","12":"taxable","13":"shipping-taxable","14":"product-type-simple"},"aioseo_notices":[],"_links":{"self":[{"href":"https:\/\/games.tactic.net\/fr\/wp-json\/wp\/v2\/product\/423156","targetHints":{"allow":["GET"]}}],"collection":[{"href":"https:\/\/games.tactic.net\/fr\/wp-json\/wp\/v2\/product"}],"about":[{"href":"https:\/\/games.tactic.net\/fr\/wp-json\/wp\/v2\/types\/product"}],"wp:attachment":[{"href":"https:\/\/games.tactic.net\/fr\/wp-json\/wp\/v2\/media?parent=423156"}],"wp:term":[{"taxonomy":"product_brand","embeddable":true,"href":"https:\/\/games.tactic.net\/fr\/wp-json\/wp\/v2\/product_brand?post=423156"},{"taxonomy":"product_cat","embeddable":true,"href":"https:\/\/games.tactic.net\/fr\/wp-json\/wp\/v2\/product_cat?post=423156"},{"taxonomy":"product_tag","embeddable":true,"href":"https:\/\/games.tactic.net\/fr\/wp-json\/wp\/v2\/product_tag?post=423156"},{"taxonomy":"brand","embeddable":true,"href":"https:\/\/games.tactic.net\/fr\/wp-json\/wp\/v2\/brand?post=423156"},{"taxonomy":"target-group","embeddable":true,"href":"https:\/\/games.tactic.net\/fr\/wp-json\/wp\/v2\/target-group?post=423156"},{"taxonomy":"discontinued","embeddable":true,"href":"https:\/\/games.tactic.net\/fr\/wp-json\/wp\/v2\/discontinued?post=423156"}],"curies":[{"name":"wp","href":"https:\/\/api.w.org\/{rel}","templated":true}]}}