{"id":422689,"date":"2022-02-02T16:05:35","date_gmt":"2022-02-02T14:05:35","guid":{"rendered":"https:\/\/games.tactic.net\/tuote\/lets-play-choco\/"},"modified":"2022-02-02T16:05:35","modified_gmt":"2022-02-02T14:05:35","slug":"lets-play-choco","status":"archive","type":"product","link":"https:\/\/games.tactic.net\/fr\/tuote\/lets-play-choco\/","title":{"rendered":"Let&rsquo;s Play Choco"},"content":{"rendered":"<div>Secouez le tube de d\u00e9s et voyez si vous attrapez une cerise ou une cacahu\u00e8te ! Rappelez-vous de toujours garder un \u0153il sur ce que les autres joueurs trouvent, ceci pourrait vous aider \u00e0 trouver ce qu\u2019ils cherchent. Le joueur ayant le plus de cacahu\u00e8tes et de cerises \u00e0 la fin de la partie gagne !<\/div>\n<div><\/div>\n<div>\u2022 Vient avec une bo\u00eete \u00e0 d\u00e9s maniable et amusante !<\/div>\n<div>\u2022 Les plus petites pi\u00e8ces sont vraiment dr\u00f4les \u00e0 utiliser pour le jeu.<\/div>\n<div>\u2022 Un classique \u00e9prouv\u00e9, maintenant disponible en taille compacte !<\/div>\n","protected":false},"excerpt":{"rendered":"<div>Secouez le tube de d\u00e9s et voyez si vous attrapez une cerise ou une cacahu\u00e8te ! Rappelez-vous de toujours garder un \u0153il sur ce que les autres joueurs trouvent, ceci pourrait vous aider \u00e0 trouver ce qu\u2019ils cherchent. Le joueur ayant le plus de cacahu\u00e8tes et de cerises \u00e0 la fin de la partie gagne !<\/div>\n","protected":false},"featured_media":0,"template":"","meta":{"content-type":"","_monsterinsights_skip_tracking":false,"_monsterinsights_sitenote_active":false,"_monsterinsights_sitenote_note":"","_monsterinsights_sitenote_category":0},"product_brand":[],"product_cat":[1875],"product_tag":[],"brand":[],"target-group":[],"discontinued":[],"class_list":{"0":"post-422689","1":"product","2":"type-product","3":"status-archive","5":"product_cat-jeux-de-voyage-jeux-enfants","7":"first","8":"outofstock","9":"taxable","10":"shipping-taxable","11":"product-type-simple"},"aioseo_notices":[],"_links":{"self":[{"href":"https:\/\/games.tactic.net\/fr\/wp-json\/wp\/v2\/product\/422689","targetHints":{"allow":["GET"]}}],"collection":[{"href":"https:\/\/games.tactic.net\/fr\/wp-json\/wp\/v2\/product"}],"about":[{"href":"https:\/\/games.tactic.net\/fr\/wp-json\/wp\/v2\/types\/product"}],"wp:attachment":[{"href":"https:\/\/games.tactic.net\/fr\/wp-json\/wp\/v2\/media?parent=422689"}],"wp:term":[{"taxonomy":"product_brand","embeddable":true,"href":"https:\/\/games.tactic.net\/fr\/wp-json\/wp\/v2\/product_brand?post=422689"},{"taxonomy":"product_cat","embeddable":true,"href":"https:\/\/games.tactic.net\/fr\/wp-json\/wp\/v2\/product_cat?post=422689"},{"taxonomy":"product_tag","embeddable":true,"href":"https:\/\/games.tactic.net\/fr\/wp-json\/wp\/v2\/product_tag?post=422689"},{"taxonomy":"brand","embeddable":true,"href":"https:\/\/games.tactic.net\/fr\/wp-json\/wp\/v2\/brand?post=422689"},{"taxonomy":"target-group","embeddable":true,"href":"https:\/\/games.tactic.net\/fr\/wp-json\/wp\/v2\/target-group?post=422689"},{"taxonomy":"discontinued","embeddable":true,"href":"https:\/\/games.tactic.net\/fr\/wp-json\/wp\/v2\/discontinued?post=422689"}],"curies":[{"name":"wp","href":"https:\/\/api.w.org\/{rel}","templated":true}]}}