{"id":420325,"date":"2022-02-02T11:25:16","date_gmt":"2022-02-02T09:25:16","guid":{"rendered":"https:\/\/games.tactic.net\/tuote\/moomin-puzzles-35-pieces\/"},"modified":"2023-04-11T12:36:29","modified_gmt":"2023-04-11T09:36:29","slug":"moomin-puzzles-35-pieces","status":"archive","type":"product","link":"https:\/\/games.tactic.net\/fr\/tuote\/moomin-puzzles-35-pieces\/","title":{"rendered":"Moomin Puzzles 35 pi\u00e8ces"},"content":{"rendered":"<div>\u2022 Du mat\u00e9riel durable, de tr\u00e8s bonne qualit\u00e9. <\/div>\n<div>\u2022 Les pi\u00e8ces du puzzle sont faciles \u00e0 assembler. <\/div>\n<div>\u2022 Convient m\u00eame aux plus jeunes enfants gr\u00e2ce aux larges pi\u00e8ces.<\/div>\n","protected":false},"excerpt":{"rendered":"<p>Du mat\u00e9riel durable, de tr\u00e8s bonne qualit\u00e9. Les pi\u00e8ces du puzzle sont faciles \u00e0 assembler. Convient m\u00eame aux plus jeunes enfants gr\u00e2ce aux larges pi\u00e8ces.<\/p>\n","protected":false},"featured_media":0,"template":"","meta":{"content-type":"","_monsterinsights_skip_tracking":false,"_monsterinsights_sitenote_active":false,"_monsterinsights_sitenote_note":"","_monsterinsights_sitenote_category":0},"product_brand":[],"product_cat":[1866,1867],"product_tag":[],"brand":[],"target-group":[],"discontinued":[],"class_list":{"0":"post-420325","1":"product","2":"type-product","3":"status-archive","5":"product_cat-puzzles-enfants","6":"product_cat-puzzles-enfants-puzzles-2","8":"first","9":"outofstock","10":"taxable","11":"shipping-taxable","12":"product-type-simple"},"aioseo_notices":[],"_links":{"self":[{"href":"https:\/\/games.tactic.net\/fr\/wp-json\/wp\/v2\/product\/420325","targetHints":{"allow":["GET"]}}],"collection":[{"href":"https:\/\/games.tactic.net\/fr\/wp-json\/wp\/v2\/product"}],"about":[{"href":"https:\/\/games.tactic.net\/fr\/wp-json\/wp\/v2\/types\/product"}],"wp:attachment":[{"href":"https:\/\/games.tactic.net\/fr\/wp-json\/wp\/v2\/media?parent=420325"}],"wp:term":[{"taxonomy":"product_brand","embeddable":true,"href":"https:\/\/games.tactic.net\/fr\/wp-json\/wp\/v2\/product_brand?post=420325"},{"taxonomy":"product_cat","embeddable":true,"href":"https:\/\/games.tactic.net\/fr\/wp-json\/wp\/v2\/product_cat?post=420325"},{"taxonomy":"product_tag","embeddable":true,"href":"https:\/\/games.tactic.net\/fr\/wp-json\/wp\/v2\/product_tag?post=420325"},{"taxonomy":"brand","embeddable":true,"href":"https:\/\/games.tactic.net\/fr\/wp-json\/wp\/v2\/brand?post=420325"},{"taxonomy":"target-group","embeddable":true,"href":"https:\/\/games.tactic.net\/fr\/wp-json\/wp\/v2\/target-group?post=420325"},{"taxonomy":"discontinued","embeddable":true,"href":"https:\/\/games.tactic.net\/fr\/wp-json\/wp\/v2\/discontinued?post=420325"}],"curies":[{"name":"wp","href":"https:\/\/api.w.org\/{rel}","templated":true}]}}