{"id":420225,"date":"2022-02-02T11:24:50","date_gmt":"2022-02-02T09:24:50","guid":{"rendered":"https:\/\/games.tactic.net\/tuote\/sudoku-pocket\/"},"modified":"2022-02-02T11:24:50","modified_gmt":"2022-02-02T09:24:50","slug":"sudoku-pocket","status":"archive","type":"product","link":"https:\/\/games.tactic.net\/fr\/tuote\/sudoku-pocket\/","title":{"rendered":"Sudoku Pocket"},"content":{"rendered":"<p>Rejoignez les millions de fans de Sudoku \u00e0 travers le monde avec ce Sudoku de poche que vous pourrez emporter partout ! Choisissez votre niveau de difficult\u00e9 : facile &#8211; moyen &#8211; difficile. Et voici le parfait jeu nomade dont vous ne pourrez plus vous s\u00e9parer\u2026 <\/p>\n","protected":false},"excerpt":{"rendered":"<p>Rejoignez les millions de fans de Sudoku \u00e0 travers le monde avec ce Sudoku de poche que vous pourrez emporter partout !<\/p>\n","protected":false},"featured_media":420211,"template":"","meta":{"content-type":"","_monsterinsights_skip_tracking":false,"_monsterinsights_sitenote_active":false,"_monsterinsights_sitenote_note":"","_monsterinsights_sitenote_category":0},"product_brand":[],"product_cat":[1866],"product_tag":[],"brand":[],"target-group":[],"discontinued":[],"class_list":{"0":"post-420225","1":"product","2":"type-product","3":"status-archive","4":"has-post-thumbnail","6":"product_cat-puzzles-enfants","8":"first","9":"outofstock","10":"taxable","11":"shipping-taxable","12":"product-type-simple"},"aioseo_notices":[],"_links":{"self":[{"href":"https:\/\/games.tactic.net\/fr\/wp-json\/wp\/v2\/product\/420225","targetHints":{"allow":["GET"]}}],"collection":[{"href":"https:\/\/games.tactic.net\/fr\/wp-json\/wp\/v2\/product"}],"about":[{"href":"https:\/\/games.tactic.net\/fr\/wp-json\/wp\/v2\/types\/product"}],"wp:featuredmedia":[{"embeddable":true,"href":"https:\/\/games.tactic.net\/fr\/wp-json\/wp\/v2\/media\/420211"}],"wp:attachment":[{"href":"https:\/\/games.tactic.net\/fr\/wp-json\/wp\/v2\/media?parent=420225"}],"wp:term":[{"taxonomy":"product_brand","embeddable":true,"href":"https:\/\/games.tactic.net\/fr\/wp-json\/wp\/v2\/product_brand?post=420225"},{"taxonomy":"product_cat","embeddable":true,"href":"https:\/\/games.tactic.net\/fr\/wp-json\/wp\/v2\/product_cat?post=420225"},{"taxonomy":"product_tag","embeddable":true,"href":"https:\/\/games.tactic.net\/fr\/wp-json\/wp\/v2\/product_tag?post=420225"},{"taxonomy":"brand","embeddable":true,"href":"https:\/\/games.tactic.net\/fr\/wp-json\/wp\/v2\/brand?post=420225"},{"taxonomy":"target-group","embeddable":true,"href":"https:\/\/games.tactic.net\/fr\/wp-json\/wp\/v2\/target-group?post=420225"},{"taxonomy":"discontinued","embeddable":true,"href":"https:\/\/games.tactic.net\/fr\/wp-json\/wp\/v2\/discontinued?post=420225"}],"curies":[{"name":"wp","href":"https:\/\/api.w.org\/{rel}","templated":true}]}}