{"id":418708,"date":"2022-02-02T10:07:26","date_gmt":"2022-02-02T08:07:26","guid":{"rendered":"https:\/\/games.tactic.net\/tuote\/masha-le-jeu-du-serpent-et-de-lechelle\/"},"modified":"2023-05-10T15:05:39","modified_gmt":"2023-05-10T12:05:39","slug":"masha-le-jeu-du-serpent-et-de-lechelle","status":"archive","type":"product","link":"https:\/\/games.tactic.net\/fr\/tuote\/masha-le-jeu-du-serpent-et-de-lechelle\/","title":{"rendered":"Masha : le jeu du serpent et de l\u2019\u00e9chelle"},"content":{"rendered":"<p>Rejoins Macha, l\u2019Ours et leurs amis dans une folle course pour atteindre la cabane de l\u2019Ours. Rep\u00e8re les \u00e9chelles susceptibles de t\u2019aider \u00e0 prendre la t\u00eate de la course \u2013 mais attention : certaines \u00e9chelles peuvent aussi te faire retourner en arri\u00e8re. Le premier \u00e0 atteindre le sommet remporte la partie !<\/p>\n","protected":false},"excerpt":{"rendered":"<p>Rejoins Macha, l\u2019Ours et leurs amis dans une folle course pour atteindre la cabane de l\u2019Ours. Rep\u00e8re les \u00e9chelles susceptibles de t\u2019aider \u00e0 prendre la t\u00eate de la course \u2013 mais attention : certaines \u00e9chelles peuvent aussi te faire retourner en arri\u00e8re. Le premier \u00e0 atteindre le sommet remporte la partie !<\/p>\n","protected":false},"featured_media":0,"template":"","meta":{"content-type":"","_monsterinsights_skip_tracking":false,"_monsterinsights_sitenote_active":false,"_monsterinsights_sitenote_note":"","_monsterinsights_sitenote_category":0},"product_brand":[],"product_cat":[1858],"product_tag":[1031],"brand":[],"target-group":[],"discontinued":[],"class_list":{"0":"post-418708","1":"product","2":"type-product","3":"status-archive","5":"product_cat-jeux-de-societe-enfants","6":"product_tag-chance","8":"first","9":"outofstock","10":"taxable","11":"shipping-taxable","12":"product-type-simple"},"aioseo_notices":[],"_links":{"self":[{"href":"https:\/\/games.tactic.net\/fr\/wp-json\/wp\/v2\/product\/418708","targetHints":{"allow":["GET"]}}],"collection":[{"href":"https:\/\/games.tactic.net\/fr\/wp-json\/wp\/v2\/product"}],"about":[{"href":"https:\/\/games.tactic.net\/fr\/wp-json\/wp\/v2\/types\/product"}],"wp:attachment":[{"href":"https:\/\/games.tactic.net\/fr\/wp-json\/wp\/v2\/media?parent=418708"}],"wp:term":[{"taxonomy":"product_brand","embeddable":true,"href":"https:\/\/games.tactic.net\/fr\/wp-json\/wp\/v2\/product_brand?post=418708"},{"taxonomy":"product_cat","embeddable":true,"href":"https:\/\/games.tactic.net\/fr\/wp-json\/wp\/v2\/product_cat?post=418708"},{"taxonomy":"product_tag","embeddable":true,"href":"https:\/\/games.tactic.net\/fr\/wp-json\/wp\/v2\/product_tag?post=418708"},{"taxonomy":"brand","embeddable":true,"href":"https:\/\/games.tactic.net\/fr\/wp-json\/wp\/v2\/brand?post=418708"},{"taxonomy":"target-group","embeddable":true,"href":"https:\/\/games.tactic.net\/fr\/wp-json\/wp\/v2\/target-group?post=418708"},{"taxonomy":"discontinued","embeddable":true,"href":"https:\/\/games.tactic.net\/fr\/wp-json\/wp\/v2\/discontinued?post=418708"}],"curies":[{"name":"wp","href":"https:\/\/api.w.org\/{rel}","templated":true}]}}