{"id":418679,"date":"2022-02-02T10:07:16","date_gmt":"2022-02-02T08:07:16","guid":{"rendered":"https:\/\/games.tactic.net\/tuote\/masha-et-lours-dans-la-foret\/"},"modified":"2023-05-10T15:06:10","modified_gmt":"2023-05-10T12:06:10","slug":"masha-et-lours-dans-la-foret","status":"archive","type":"product","link":"https:\/\/games.tactic.net\/fr\/tuote\/masha-et-lours-dans-la-foret\/","title":{"rendered":"Masha et l\u2019ours dans la for\u00eat"},"content":{"rendered":"<p>Masha adore faire de la p\u00e2tisserie, m\u00eame si le r\u00e9sultat n\u2019est pas toujours \u00e0 la hauteur de ses attentes ! Aide Masha, l\u2019Ours et leurs amis \u00e0 ramasser les baies n\u00e9cessaires \u00e0 la concoction de d\u00e9licieuses tartes et autres confitures \u2013 mais attention aux champignons v\u00e9n\u00e9neux !<\/p>\n","protected":false},"excerpt":{"rendered":"<p>Masha adore faire de la p\u00e2tisserie, m\u00eame si le r\u00e9sultat n\u2019est pas toujours \u00e0 la hauteur de ses attentes ! Aide Masha, l\u2019Ours et leurs amis \u00e0 ramasser les baies n\u00e9cessaires \u00e0 la concoction de d\u00e9licieuses tartes et autres confitures \u2013 mais attention aux champignons v\u00e9n\u00e9neux !<\/p>\n","protected":false},"featured_media":0,"template":"","meta":{"content-type":"","_monsterinsights_skip_tracking":false,"_monsterinsights_sitenote_active":false,"_monsterinsights_sitenote_note":"","_monsterinsights_sitenote_category":0},"product_brand":[],"product_cat":[1858],"product_tag":[1031,1236],"brand":[],"target-group":[],"discontinued":[],"class_list":{"0":"post-418679","1":"product","2":"type-product","3":"status-archive","5":"product_cat-jeux-de-societe-enfants","6":"product_tag-chance","7":"product_tag-combiner-fr","9":"first","10":"outofstock","11":"taxable","12":"shipping-taxable","13":"product-type-simple"},"aioseo_notices":[],"_links":{"self":[{"href":"https:\/\/games.tactic.net\/fr\/wp-json\/wp\/v2\/product\/418679","targetHints":{"allow":["GET"]}}],"collection":[{"href":"https:\/\/games.tactic.net\/fr\/wp-json\/wp\/v2\/product"}],"about":[{"href":"https:\/\/games.tactic.net\/fr\/wp-json\/wp\/v2\/types\/product"}],"wp:attachment":[{"href":"https:\/\/games.tactic.net\/fr\/wp-json\/wp\/v2\/media?parent=418679"}],"wp:term":[{"taxonomy":"product_brand","embeddable":true,"href":"https:\/\/games.tactic.net\/fr\/wp-json\/wp\/v2\/product_brand?post=418679"},{"taxonomy":"product_cat","embeddable":true,"href":"https:\/\/games.tactic.net\/fr\/wp-json\/wp\/v2\/product_cat?post=418679"},{"taxonomy":"product_tag","embeddable":true,"href":"https:\/\/games.tactic.net\/fr\/wp-json\/wp\/v2\/product_tag?post=418679"},{"taxonomy":"brand","embeddable":true,"href":"https:\/\/games.tactic.net\/fr\/wp-json\/wp\/v2\/brand?post=418679"},{"taxonomy":"target-group","embeddable":true,"href":"https:\/\/games.tactic.net\/fr\/wp-json\/wp\/v2\/target-group?post=418679"},{"taxonomy":"discontinued","embeddable":true,"href":"https:\/\/games.tactic.net\/fr\/wp-json\/wp\/v2\/discontinued?post=418679"}],"curies":[{"name":"wp","href":"https:\/\/api.w.org\/{rel}","templated":true}]}}