{"id":418229,"date":"2022-02-02T10:05:52","date_gmt":"2022-02-02T08:05:52","guid":{"rendered":"https:\/\/games.tactic.net\/tuote\/zombie-labyrinth\/"},"modified":"2022-02-02T10:05:52","modified_gmt":"2022-02-02T08:05:52","slug":"zombie-labyrinth","status":"archive","type":"product","link":"https:\/\/games.tactic.net\/fr\/tuote\/zombie-labyrinth\/","title":{"rendered":"Zombie Labyrinth"},"content":{"rendered":"<p><b>Prom\u00e8ne-toi dans le labyrinthe et ramasse un maximum de cerveaux ! Rejoins la case d\u2019arriv\u00e9e quand tu le souhaites, mais attention, la collection de chacun reste secr\u00e8te jusqu\u2019au bout !<\/b><\/p>\n<li>Un plateau de jeu in\u00e9dit en forme de puzzle, diff\u00e9rent \u00e0 chaque partie !<\/li>\n<li>Des r\u00e8gles simples \u00e0 apprendre, mais un jeu plein de rebondissements.<\/li>\n<li>Gare aux m\u00e9chants, ils essaieront de voler tes cerveaux !<\/li>\n","protected":false},"excerpt":{"rendered":"<p>Prom\u00e8ne-toi dans le labyrinthe et ramasse un maximum de cerveaux ! Rejoins la case d\u2019arriv\u00e9e quand tu le souhaites, mais attention, la collection de chacun reste secr\u00e8te jusqu\u2019au bout !<\/p>\n","protected":false},"featured_media":0,"template":"","meta":{"content-type":"","_monsterinsights_skip_tracking":false,"_monsterinsights_sitenote_active":false,"_monsterinsights_sitenote_note":"","_monsterinsights_sitenote_category":0},"product_brand":[],"product_cat":[1858],"product_tag":[],"brand":[],"target-group":[],"discontinued":[],"class_list":{"0":"post-418229","1":"product","2":"type-product","3":"status-archive","5":"product_cat-jeux-de-societe-enfants","7":"first","8":"outofstock","9":"taxable","10":"shipping-taxable","11":"product-type-simple"},"aioseo_notices":[],"_links":{"self":[{"href":"https:\/\/games.tactic.net\/fr\/wp-json\/wp\/v2\/product\/418229","targetHints":{"allow":["GET"]}}],"collection":[{"href":"https:\/\/games.tactic.net\/fr\/wp-json\/wp\/v2\/product"}],"about":[{"href":"https:\/\/games.tactic.net\/fr\/wp-json\/wp\/v2\/types\/product"}],"wp:attachment":[{"href":"https:\/\/games.tactic.net\/fr\/wp-json\/wp\/v2\/media?parent=418229"}],"wp:term":[{"taxonomy":"product_brand","embeddable":true,"href":"https:\/\/games.tactic.net\/fr\/wp-json\/wp\/v2\/product_brand?post=418229"},{"taxonomy":"product_cat","embeddable":true,"href":"https:\/\/games.tactic.net\/fr\/wp-json\/wp\/v2\/product_cat?post=418229"},{"taxonomy":"product_tag","embeddable":true,"href":"https:\/\/games.tactic.net\/fr\/wp-json\/wp\/v2\/product_tag?post=418229"},{"taxonomy":"brand","embeddable":true,"href":"https:\/\/games.tactic.net\/fr\/wp-json\/wp\/v2\/brand?post=418229"},{"taxonomy":"target-group","embeddable":true,"href":"https:\/\/games.tactic.net\/fr\/wp-json\/wp\/v2\/target-group?post=418229"},{"taxonomy":"discontinued","embeddable":true,"href":"https:\/\/games.tactic.net\/fr\/wp-json\/wp\/v2\/discontinued?post=418229"}],"curies":[{"name":"wp","href":"https:\/\/api.w.org\/{rel}","templated":true}]}}