{"id":414916,"date":"2022-02-01T13:02:27","date_gmt":"2022-02-01T11:02:27","guid":{"rendered":"https:\/\/games.tactic.net\/tuote\/414916\/"},"modified":"2025-07-17T13:59:07","modified_gmt":"2025-07-17T10:59:07","slug":"414916","status":"archive","type":"product","link":"https:\/\/games.tactic.net\/fr\/tuote\/414916\/","title":{"rendered":"Lumo Stars Basketball Lauri classic"},"content":{"rendered":"<p>Classique 15 cm. Peluche b\u00e9b\u00e9 animal \u00e0 collectionner. Heureux, c\u00e2lin, amical, gentil et mignon. On sourit plus ! La jolie collection de peluches Northern Brights est bas\u00e9e sur la vraie nature et la faune nordiques. Design finlandais pur. H\u00e9 toi, tu veux aller faire quelques paniers avec moi ?<\/p>\n","protected":false},"excerpt":{"rendered":"<p>Classique 15 cm. Peluche b\u00e9b\u00e9 animal \u00e0 collectionner. Heureux, c\u00e2lin, amical, gentil et mignon. On sourit plus ! La jolie collection de peluches Northern Brights est bas\u00e9e sur la vraie nature et la faune nordiques. Design finlandais pur. H\u00e9 toi, tu veux aller faire quelques paniers avec moi ?<\/p>\n","protected":false},"featured_media":0,"template":"","meta":{"content-type":"","_monsterinsights_skip_tracking":false,"_monsterinsights_sitenote_active":false,"_monsterinsights_sitenote_note":"","_monsterinsights_sitenote_category":0},"product_brand":[],"product_cat":[1850],"product_tag":[],"brand":[{"id":1021,"name":"Lumo Stars","slug":"lumo-stars_fr"}],"target-group":[],"discontinued":[],"class_list":{"0":"post-414916","1":"product","2":"type-product","3":"status-archive","5":"product_cat-sport-peluches","6":"brand-lumo-stars_fr","8":"first","9":"outofstock","10":"taxable","11":"shipping-taxable","12":"product-type-simple"},"aioseo_notices":[],"_links":{"self":[{"href":"https:\/\/games.tactic.net\/fr\/wp-json\/wp\/v2\/product\/414916","targetHints":{"allow":["GET"]}}],"collection":[{"href":"https:\/\/games.tactic.net\/fr\/wp-json\/wp\/v2\/product"}],"about":[{"href":"https:\/\/games.tactic.net\/fr\/wp-json\/wp\/v2\/types\/product"}],"wp:attachment":[{"href":"https:\/\/games.tactic.net\/fr\/wp-json\/wp\/v2\/media?parent=414916"}],"wp:term":[{"taxonomy":"product_brand","embeddable":true,"href":"https:\/\/games.tactic.net\/fr\/wp-json\/wp\/v2\/product_brand?post=414916"},{"taxonomy":"product_cat","embeddable":true,"href":"https:\/\/games.tactic.net\/fr\/wp-json\/wp\/v2\/product_cat?post=414916"},{"taxonomy":"product_tag","embeddable":true,"href":"https:\/\/games.tactic.net\/fr\/wp-json\/wp\/v2\/product_tag?post=414916"},{"taxonomy":"brand","embeddable":true,"href":"https:\/\/games.tactic.net\/fr\/wp-json\/wp\/v2\/brand?post=414916"},{"taxonomy":"target-group","embeddable":true,"href":"https:\/\/games.tactic.net\/fr\/wp-json\/wp\/v2\/target-group?post=414916"},{"taxonomy":"discontinued","embeddable":true,"href":"https:\/\/games.tactic.net\/fr\/wp-json\/wp\/v2\/discontinued?post=414916"}],"curies":[{"name":"wp","href":"https:\/\/api.w.org\/{rel}","templated":true}]}}