{"id":414801,"date":"2022-02-01T12:55:20","date_gmt":"2022-02-01T10:55:20","guid":{"rendered":"https:\/\/games.tactic.net\/tuote\/lumo-stars-figu-wuff\/"},"modified":"2025-07-17T13:55:52","modified_gmt":"2025-07-17T10:55:52","slug":"lumo-stars-figu-wuff","status":"archive","type":"product","link":"https:\/\/games.tactic.net\/fr\/tuote\/lumo-stars-figu-wuff\/","title":{"rendered":"Lumo Stars Figu Wuff"},"content":{"rendered":"<p>Lumo Stars Figu<\/p>\n<p>\u00ab\u00a0Je n&rsquo;ai jamais vu d&rsquo;\u00e9toile filante\u00a0\u00bb, dit Wuff. \u00ab\u00a0J&rsquo;ai entendu dire que quand on en voit un, on peut faire un v\u0153u\u00a0\u00bb, poursuit-il. \u00ab\u00a0Si nous nous asseyons ici pendant un moment et regardons le ciel, nous pourrions en voir un\u00a0\u00bb, dit Pupu \u00e0 Wuff. Ils regardent le paysage hivernal silencieux et le ciel rempli d&rsquo;\u00e9toiles brillantes&#8230; et c&rsquo;est l\u00e0 que \u00e7a se passe ! \u00ab\u00a0Une \u00e9toile filante!\u00a0\u00bb crient-ils tous les deux. Et puis, ils font un v\u0153u.<\/p>\n","protected":false},"excerpt":{"rendered":"<p><\/p>\n","protected":false},"featured_media":0,"template":"","meta":{"content-type":"","_monsterinsights_skip_tracking":false,"_monsterinsights_sitenote_active":false,"_monsterinsights_sitenote_note":"","_monsterinsights_sitenote_category":0},"product_brand":[],"product_cat":[1824],"product_tag":[],"brand":[{"id":1021,"name":"Lumo Stars","slug":"lumo-stars_fr"}],"target-group":[],"discontinued":[],"class_list":{"0":"post-414801","1":"product","2":"type-product","3":"status-archive","5":"product_cat-figurines","6":"brand-lumo-stars_fr","8":"first","9":"outofstock","10":"taxable","11":"shipping-taxable","12":"product-type-simple"},"aioseo_notices":[],"_links":{"self":[{"href":"https:\/\/games.tactic.net\/fr\/wp-json\/wp\/v2\/product\/414801","targetHints":{"allow":["GET"]}}],"collection":[{"href":"https:\/\/games.tactic.net\/fr\/wp-json\/wp\/v2\/product"}],"about":[{"href":"https:\/\/games.tactic.net\/fr\/wp-json\/wp\/v2\/types\/product"}],"wp:attachment":[{"href":"https:\/\/games.tactic.net\/fr\/wp-json\/wp\/v2\/media?parent=414801"}],"wp:term":[{"taxonomy":"product_brand","embeddable":true,"href":"https:\/\/games.tactic.net\/fr\/wp-json\/wp\/v2\/product_brand?post=414801"},{"taxonomy":"product_cat","embeddable":true,"href":"https:\/\/games.tactic.net\/fr\/wp-json\/wp\/v2\/product_cat?post=414801"},{"taxonomy":"product_tag","embeddable":true,"href":"https:\/\/games.tactic.net\/fr\/wp-json\/wp\/v2\/product_tag?post=414801"},{"taxonomy":"brand","embeddable":true,"href":"https:\/\/games.tactic.net\/fr\/wp-json\/wp\/v2\/brand?post=414801"},{"taxonomy":"target-group","embeddable":true,"href":"https:\/\/games.tactic.net\/fr\/wp-json\/wp\/v2\/target-group?post=414801"},{"taxonomy":"discontinued","embeddable":true,"href":"https:\/\/games.tactic.net\/fr\/wp-json\/wp\/v2\/discontinued?post=414801"}],"curies":[{"name":"wp","href":"https:\/\/api.w.org\/{rel}","templated":true}]}}