{"id":414602,"date":"2022-02-01T12:50:57","date_gmt":"2022-02-01T10:50:57","guid":{"rendered":"https:\/\/games.tactic.net\/tuote\/lumo-stars-figu-repo\/"},"modified":"2025-07-17T13:57:19","modified_gmt":"2025-07-17T10:57:19","slug":"lumo-stars-figu-repo","status":"archive","type":"product","link":"https:\/\/games.tactic.net\/fr\/tuote\/lumo-stars-figu-repo\/","title":{"rendered":"Lumo Stars Figu Repo"},"content":{"rendered":"<p>Lumo Stars Figu<\/p>\n<p>\u00ab\u00a0Rejouons au jeu des devinettes\u00a0\u00bb, sugg\u00e8re Repo \u00e0 son ami. \u00ab\u00a0Oui!\u00a0\u00bb son ami r\u00e9pond et commence \u00e0 deviner quel genre de personnage il pense que Repo voit les \u00e9toiles se former. Bient\u00f4t, il devine juste. C&rsquo;est un renard qui ressemble \u00e0 Repo! Puis l&rsquo;ami de Repo est \u00e0 son tour &#8211; il dessine dans la neige avec son pion. C&rsquo;est au tour de Repo de deviner. Ce n&rsquo;est pas facile mais il voit rapidement de quoi il s&rsquo;agit. C&rsquo;est un \u00e9pic\u00e9a !<\/p>\n","protected":false},"excerpt":{"rendered":"<p><\/p>\n","protected":false},"featured_media":0,"template":"","meta":{"content-type":"","_monsterinsights_skip_tracking":false,"_monsterinsights_sitenote_active":false,"_monsterinsights_sitenote_note":"","_monsterinsights_sitenote_category":0},"product_brand":[],"product_cat":[1824],"product_tag":[],"brand":[{"id":1021,"name":"Lumo Stars","slug":"lumo-stars_fr"}],"target-group":[],"discontinued":[],"class_list":{"0":"post-414602","1":"product","2":"type-product","3":"status-archive","5":"product_cat-figurines","6":"brand-lumo-stars_fr","8":"first","9":"outofstock","10":"taxable","11":"shipping-taxable","12":"product-type-simple"},"aioseo_notices":[],"_links":{"self":[{"href":"https:\/\/games.tactic.net\/fr\/wp-json\/wp\/v2\/product\/414602","targetHints":{"allow":["GET"]}}],"collection":[{"href":"https:\/\/games.tactic.net\/fr\/wp-json\/wp\/v2\/product"}],"about":[{"href":"https:\/\/games.tactic.net\/fr\/wp-json\/wp\/v2\/types\/product"}],"wp:attachment":[{"href":"https:\/\/games.tactic.net\/fr\/wp-json\/wp\/v2\/media?parent=414602"}],"wp:term":[{"taxonomy":"product_brand","embeddable":true,"href":"https:\/\/games.tactic.net\/fr\/wp-json\/wp\/v2\/product_brand?post=414602"},{"taxonomy":"product_cat","embeddable":true,"href":"https:\/\/games.tactic.net\/fr\/wp-json\/wp\/v2\/product_cat?post=414602"},{"taxonomy":"product_tag","embeddable":true,"href":"https:\/\/games.tactic.net\/fr\/wp-json\/wp\/v2\/product_tag?post=414602"},{"taxonomy":"brand","embeddable":true,"href":"https:\/\/games.tactic.net\/fr\/wp-json\/wp\/v2\/brand?post=414602"},{"taxonomy":"target-group","embeddable":true,"href":"https:\/\/games.tactic.net\/fr\/wp-json\/wp\/v2\/target-group?post=414602"},{"taxonomy":"discontinued","embeddable":true,"href":"https:\/\/games.tactic.net\/fr\/wp-json\/wp\/v2\/discontinued?post=414602"}],"curies":[{"name":"wp","href":"https:\/\/api.w.org\/{rel}","templated":true}]}}