{"id":414459,"date":"2022-02-01T12:47:40","date_gmt":"2022-02-01T10:47:40","guid":{"rendered":"https:\/\/games.tactic.net\/tuote\/lumo-stars-figu-reino\/"},"modified":"2025-07-17T13:56:40","modified_gmt":"2025-07-17T10:56:40","slug":"lumo-stars-figu-reino","status":"archive","type":"product","link":"https:\/\/games.tactic.net\/fr\/tuote\/lumo-stars-figu-reino\/","title":{"rendered":"Lumo Stars Figu Reino"},"content":{"rendered":"<p>Lumo Stars Figu<\/p>\n<p>Reino discute avec Otso. Il lui raconte \u00e0 quel point l&rsquo;\u00e9t\u00e9 a \u00e9t\u00e9 merveilleux, \u00e0 courir avec des amis sur les collines de Laponie. C&rsquo;\u00e9tait l\u00e9ger, chaleureux et tellement amusant! \u00ab\u00a0Tu n&rsquo;aimes pas l&rsquo;hiver\u00a0\u00bb, demande Otso l&rsquo;ours, qui va bient\u00f4t commencer son sommeil hivernal. \u00ab\u00a0Oh oui!\u00a0\u00bb crie Reino. \u00ab\u00a0Je les aime tous les deux. J&rsquo;adore danser avec mes amis sous l&rsquo;aurore bor\u00e9ale, autour du feu de camp. Je n&rsquo;en changerais pour rien au monde !\u00a0\u00bb<\/p>\n","protected":false},"excerpt":{"rendered":"<p><\/p>\n","protected":false},"featured_media":0,"template":"","meta":{"content-type":"","_monsterinsights_skip_tracking":false,"_monsterinsights_sitenote_active":false,"_monsterinsights_sitenote_note":"","_monsterinsights_sitenote_category":0},"product_brand":[],"product_cat":[1824],"product_tag":[],"brand":[{"id":1021,"name":"Lumo Stars","slug":"lumo-stars_fr"}],"target-group":[],"discontinued":[],"class_list":{"0":"post-414459","1":"product","2":"type-product","3":"status-archive","5":"product_cat-figurines","6":"brand-lumo-stars_fr","8":"first","9":"outofstock","10":"taxable","11":"shipping-taxable","12":"product-type-simple"},"aioseo_notices":[],"_links":{"self":[{"href":"https:\/\/games.tactic.net\/fr\/wp-json\/wp\/v2\/product\/414459","targetHints":{"allow":["GET"]}}],"collection":[{"href":"https:\/\/games.tactic.net\/fr\/wp-json\/wp\/v2\/product"}],"about":[{"href":"https:\/\/games.tactic.net\/fr\/wp-json\/wp\/v2\/types\/product"}],"wp:attachment":[{"href":"https:\/\/games.tactic.net\/fr\/wp-json\/wp\/v2\/media?parent=414459"}],"wp:term":[{"taxonomy":"product_brand","embeddable":true,"href":"https:\/\/games.tactic.net\/fr\/wp-json\/wp\/v2\/product_brand?post=414459"},{"taxonomy":"product_cat","embeddable":true,"href":"https:\/\/games.tactic.net\/fr\/wp-json\/wp\/v2\/product_cat?post=414459"},{"taxonomy":"product_tag","embeddable":true,"href":"https:\/\/games.tactic.net\/fr\/wp-json\/wp\/v2\/product_tag?post=414459"},{"taxonomy":"brand","embeddable":true,"href":"https:\/\/games.tactic.net\/fr\/wp-json\/wp\/v2\/brand?post=414459"},{"taxonomy":"target-group","embeddable":true,"href":"https:\/\/games.tactic.net\/fr\/wp-json\/wp\/v2\/target-group?post=414459"},{"taxonomy":"discontinued","embeddable":true,"href":"https:\/\/games.tactic.net\/fr\/wp-json\/wp\/v2\/discontinued?post=414459"}],"curies":[{"name":"wp","href":"https:\/\/api.w.org\/{rel}","templated":true}]}}