{"id":414174,"date":"2022-02-01T12:41:09","date_gmt":"2022-02-01T10:41:09","guid":{"rendered":"https:\/\/games.tactic.net\/tuote\/lumo-stars-figu-pollo\/"},"modified":"2025-07-17T13:54:40","modified_gmt":"2025-07-17T10:54:40","slug":"lumo-stars-figu-pollo","status":"archive","type":"product","link":"https:\/\/games.tactic.net\/fr\/tuote\/lumo-stars-figu-pollo\/","title":{"rendered":"Lumo Stars Figu P\u00f6ll\u00f6"},"content":{"rendered":"<p>Lumo Stars Figu<\/p>\n<p>Les amis s&rsquo;ennuient m\u00eame si le feu de camp est agr\u00e9able et chaleureux. Vasa sugg\u00e8re qu&rsquo;ils jouent \u00e0 l&rsquo;\u00e9cole. Tout le monde s&rsquo;accorde \u00e0 dire que P\u00f6ll\u00f6 devrait jouer au professeur car il est si sage et un grand conteur. \u00abOk, les \u00e9l\u00e8ves! La journ\u00e9e scolaire commencera par une r\u00e9cr\u00e9ation\u00bb, dit P\u00f6ll\u00f6 en riant. Les animaux commencent une joyeuse bataille de neige, tandis que les aurores bor\u00e9ales jouent leur propre jeu color\u00e9 dans le ciel.<\/p>\n","protected":false},"excerpt":{"rendered":"<p><\/p>\n","protected":false},"featured_media":0,"template":"","meta":{"content-type":"","_monsterinsights_skip_tracking":false,"_monsterinsights_sitenote_active":false,"_monsterinsights_sitenote_note":"","_monsterinsights_sitenote_category":0},"product_brand":[],"product_cat":[1824],"product_tag":[],"brand":[{"id":1021,"name":"Lumo Stars","slug":"lumo-stars_fr"}],"target-group":[],"discontinued":[],"class_list":{"0":"post-414174","1":"product","2":"type-product","3":"status-archive","5":"product_cat-figurines","6":"brand-lumo-stars_fr","8":"first","9":"outofstock","10":"taxable","11":"shipping-taxable","12":"product-type-simple"},"aioseo_notices":[],"_links":{"self":[{"href":"https:\/\/games.tactic.net\/fr\/wp-json\/wp\/v2\/product\/414174","targetHints":{"allow":["GET"]}}],"collection":[{"href":"https:\/\/games.tactic.net\/fr\/wp-json\/wp\/v2\/product"}],"about":[{"href":"https:\/\/games.tactic.net\/fr\/wp-json\/wp\/v2\/types\/product"}],"wp:attachment":[{"href":"https:\/\/games.tactic.net\/fr\/wp-json\/wp\/v2\/media?parent=414174"}],"wp:term":[{"taxonomy":"product_brand","embeddable":true,"href":"https:\/\/games.tactic.net\/fr\/wp-json\/wp\/v2\/product_brand?post=414174"},{"taxonomy":"product_cat","embeddable":true,"href":"https:\/\/games.tactic.net\/fr\/wp-json\/wp\/v2\/product_cat?post=414174"},{"taxonomy":"product_tag","embeddable":true,"href":"https:\/\/games.tactic.net\/fr\/wp-json\/wp\/v2\/product_tag?post=414174"},{"taxonomy":"brand","embeddable":true,"href":"https:\/\/games.tactic.net\/fr\/wp-json\/wp\/v2\/brand?post=414174"},{"taxonomy":"target-group","embeddable":true,"href":"https:\/\/games.tactic.net\/fr\/wp-json\/wp\/v2\/target-group?post=414174"},{"taxonomy":"discontinued","embeddable":true,"href":"https:\/\/games.tactic.net\/fr\/wp-json\/wp\/v2\/discontinued?post=414174"}],"curies":[{"name":"wp","href":"https:\/\/api.w.org\/{rel}","templated":true}]}}