{"id":414145,"date":"2022-02-01T12:40:00","date_gmt":"2022-02-01T10:40:00","guid":{"rendered":"https:\/\/games.tactic.net\/tuote\/lumo-stars-figu-luna\/"},"modified":"2025-07-17T13:51:51","modified_gmt":"2025-07-17T10:51:51","slug":"lumo-stars-figu-luna","status":"archive","type":"product","link":"https:\/\/games.tactic.net\/fr\/tuote\/lumo-stars-figu-luna\/","title":{"rendered":"Lumo Stars Figu Luna"},"content":{"rendered":"<p>Lumo Stars Figu<\/p>\n<p>Quand les vents froids commencent \u00e0 souffler en Laponie, il est temps pour moi de m&rsquo;envoler. Cela ne me d\u00e9range pas qu&rsquo;il fasse un peu froid, mais dans le Grand Nord, il m&rsquo;est difficile de me r\u00e9chauffer. Le voyage vers le sud est long et pendant l&rsquo;hiver, les aurores bor\u00e9ales me manquent. Mais&#8230; je suis content que m\u00eame en \u00e9t\u00e9 je puisse profiter de quelque chose de froid, et je veux dire de la glace !<\/p>\n","protected":false},"excerpt":{"rendered":"<p><\/p>\n","protected":false},"featured_media":0,"template":"","meta":{"content-type":"","_monsterinsights_skip_tracking":false,"_monsterinsights_sitenote_active":false,"_monsterinsights_sitenote_note":"","_monsterinsights_sitenote_category":0},"product_brand":[],"product_cat":[1824],"product_tag":[],"brand":[{"id":1021,"name":"Lumo Stars","slug":"lumo-stars_fr"}],"target-group":[],"discontinued":[],"class_list":{"0":"post-414145","1":"product","2":"type-product","3":"status-archive","5":"product_cat-figurines","6":"brand-lumo-stars_fr","8":"first","9":"outofstock","10":"taxable","11":"shipping-taxable","12":"product-type-simple"},"aioseo_notices":[],"_links":{"self":[{"href":"https:\/\/games.tactic.net\/fr\/wp-json\/wp\/v2\/product\/414145","targetHints":{"allow":["GET"]}}],"collection":[{"href":"https:\/\/games.tactic.net\/fr\/wp-json\/wp\/v2\/product"}],"about":[{"href":"https:\/\/games.tactic.net\/fr\/wp-json\/wp\/v2\/types\/product"}],"wp:attachment":[{"href":"https:\/\/games.tactic.net\/fr\/wp-json\/wp\/v2\/media?parent=414145"}],"wp:term":[{"taxonomy":"product_brand","embeddable":true,"href":"https:\/\/games.tactic.net\/fr\/wp-json\/wp\/v2\/product_brand?post=414145"},{"taxonomy":"product_cat","embeddable":true,"href":"https:\/\/games.tactic.net\/fr\/wp-json\/wp\/v2\/product_cat?post=414145"},{"taxonomy":"product_tag","embeddable":true,"href":"https:\/\/games.tactic.net\/fr\/wp-json\/wp\/v2\/product_tag?post=414145"},{"taxonomy":"brand","embeddable":true,"href":"https:\/\/games.tactic.net\/fr\/wp-json\/wp\/v2\/brand?post=414145"},{"taxonomy":"target-group","embeddable":true,"href":"https:\/\/games.tactic.net\/fr\/wp-json\/wp\/v2\/target-group?post=414145"},{"taxonomy":"discontinued","embeddable":true,"href":"https:\/\/games.tactic.net\/fr\/wp-json\/wp\/v2\/discontinued?post=414145"}],"curies":[{"name":"wp","href":"https:\/\/api.w.org\/{rel}","templated":true}]}}