{"id":413833,"date":"2022-02-01T12:34:04","date_gmt":"2022-02-01T10:34:04","guid":{"rendered":"https:\/\/games.tactic.net\/tuote\/lumo-stars-figu-katti\/"},"modified":"2025-07-17T13:48:26","modified_gmt":"2025-07-17T10:48:26","slug":"lumo-stars-figu-katti","status":"archive","type":"product","link":"https:\/\/games.tactic.net\/fr\/tuote\/lumo-stars-figu-katti\/","title":{"rendered":"Lumo Stars Figu Katti"},"content":{"rendered":"<p>Lumo Stars Figu<\/p>\n<p>Qu&rsquo;est-ce que c&rsquo;est, se demande Repo. Au milieu des collines de Laponie, il y a un panier rempli de d\u00e9licieuses collations que les animaux adorent. Mais il n&rsquo;y a personne &#8211; juste un panier. Smultron, Pupu, Hukka et Repo regardent derri\u00e8re la cong\u00e8re. Aucun d&rsquo;entre eux n&rsquo;est assez courageux pour s&rsquo;approcher. C&rsquo;est silencieux&#8230; jusqu&rsquo;\u00e0 ce que Kattis saute et crie : \u00ab\u00a0Surprise, surprise ! Je nous ai pr\u00e9par\u00e9 un pique-nique ! S&rsquo;il vous pla\u00eet, venez en profiter avec moi.\u00a0\u00bb<\/p>\n","protected":false},"excerpt":{"rendered":"<p><\/p>\n","protected":false},"featured_media":0,"template":"","meta":{"content-type":"","_monsterinsights_skip_tracking":false,"_monsterinsights_sitenote_active":false,"_monsterinsights_sitenote_note":"","_monsterinsights_sitenote_category":0},"product_brand":[],"product_cat":[1824],"product_tag":[],"brand":[{"id":1021,"name":"Lumo Stars","slug":"lumo-stars_fr"}],"target-group":[],"discontinued":[],"class_list":{"0":"post-413833","1":"product","2":"type-product","3":"status-archive","5":"product_cat-figurines","6":"brand-lumo-stars_fr","8":"first","9":"outofstock","10":"taxable","11":"shipping-taxable","12":"product-type-simple"},"aioseo_notices":[],"_links":{"self":[{"href":"https:\/\/games.tactic.net\/fr\/wp-json\/wp\/v2\/product\/413833","targetHints":{"allow":["GET"]}}],"collection":[{"href":"https:\/\/games.tactic.net\/fr\/wp-json\/wp\/v2\/product"}],"about":[{"href":"https:\/\/games.tactic.net\/fr\/wp-json\/wp\/v2\/types\/product"}],"wp:attachment":[{"href":"https:\/\/games.tactic.net\/fr\/wp-json\/wp\/v2\/media?parent=413833"}],"wp:term":[{"taxonomy":"product_brand","embeddable":true,"href":"https:\/\/games.tactic.net\/fr\/wp-json\/wp\/v2\/product_brand?post=413833"},{"taxonomy":"product_cat","embeddable":true,"href":"https:\/\/games.tactic.net\/fr\/wp-json\/wp\/v2\/product_cat?post=413833"},{"taxonomy":"product_tag","embeddable":true,"href":"https:\/\/games.tactic.net\/fr\/wp-json\/wp\/v2\/product_tag?post=413833"},{"taxonomy":"brand","embeddable":true,"href":"https:\/\/games.tactic.net\/fr\/wp-json\/wp\/v2\/brand?post=413833"},{"taxonomy":"target-group","embeddable":true,"href":"https:\/\/games.tactic.net\/fr\/wp-json\/wp\/v2\/target-group?post=413833"},{"taxonomy":"discontinued","embeddable":true,"href":"https:\/\/games.tactic.net\/fr\/wp-json\/wp\/v2\/discontinued?post=413833"}],"curies":[{"name":"wp","href":"https:\/\/api.w.org\/{rel}","templated":true}]}}