{"id":413804,"date":"2022-02-01T12:33:09","date_gmt":"2022-02-01T10:33:09","guid":{"rendered":"https:\/\/games.tactic.net\/tuote\/lumo-stars-figu-smultron\/"},"modified":"2022-02-01T12:33:09","modified_gmt":"2022-02-01T10:33:09","slug":"lumo-stars-figu-smultron","status":"publish","type":"product","link":"https:\/\/games.tactic.net\/fr\/tuote\/lumo-stars-figu-smultron\/","title":{"rendered":"Lumo Stars Figu Smultron"},"content":{"rendered":"<p>Lumo Stars Figu<\/p>\n<p>\u00ab\u00a0J&rsquo;adore les fraises\u00a0\u00bb, dit Smultron \u00e0 son amie. \u00ab\u00a0J&rsquo;adore les myrtilles\u00a0\u00bb, dit son amie. Smultron dit: \u00ab\u00a0J&rsquo;ai un manteau rose et vous avez un manteau marron. Nos yeux sont \u00e9galement de couleurs diff\u00e9rentes.\u00a0\u00bb L&rsquo;ami de Smultron pense. \u00ab\u00a0Oui, mais m\u00eame si nous avons l&rsquo;air diff\u00e9rents, nous sommes toujours \u00e0 la fois des h\u00e9rissons et des meilleurs amis qui s&rsquo;amusent toujours ensemble ! Tout comme les aurores bor\u00e9ales, nous m\u00e9langeons magnifiquement toutes sortes de couleurs !\u00a0\u00bb<\/p>\n","protected":false},"excerpt":{"rendered":"<p><\/p>\n","protected":false},"featured_media":0,"template":"","meta":{"content-type":"","_monsterinsights_skip_tracking":false,"_monsterinsights_sitenote_active":false,"_monsterinsights_sitenote_note":"","_monsterinsights_sitenote_category":0},"product_brand":[],"product_cat":[1824],"product_tag":[],"brand":[],"target-group":[],"discontinued":[],"class_list":{"0":"post-413804","1":"product","2":"type-product","3":"status-publish","5":"product_cat-figurines","7":"first","8":"outofstock","9":"taxable","10":"shipping-taxable","11":"product-type-simple"},"aioseo_notices":[],"_links":{"self":[{"href":"https:\/\/games.tactic.net\/fr\/wp-json\/wp\/v2\/product\/413804","targetHints":{"allow":["GET"]}}],"collection":[{"href":"https:\/\/games.tactic.net\/fr\/wp-json\/wp\/v2\/product"}],"about":[{"href":"https:\/\/games.tactic.net\/fr\/wp-json\/wp\/v2\/types\/product"}],"wp:attachment":[{"href":"https:\/\/games.tactic.net\/fr\/wp-json\/wp\/v2\/media?parent=413804"}],"wp:term":[{"taxonomy":"product_brand","embeddable":true,"href":"https:\/\/games.tactic.net\/fr\/wp-json\/wp\/v2\/product_brand?post=413804"},{"taxonomy":"product_cat","embeddable":true,"href":"https:\/\/games.tactic.net\/fr\/wp-json\/wp\/v2\/product_cat?post=413804"},{"taxonomy":"product_tag","embeddable":true,"href":"https:\/\/games.tactic.net\/fr\/wp-json\/wp\/v2\/product_tag?post=413804"},{"taxonomy":"brand","embeddable":true,"href":"https:\/\/games.tactic.net\/fr\/wp-json\/wp\/v2\/brand?post=413804"},{"taxonomy":"target-group","embeddable":true,"href":"https:\/\/games.tactic.net\/fr\/wp-json\/wp\/v2\/target-group?post=413804"},{"taxonomy":"discontinued","embeddable":true,"href":"https:\/\/games.tactic.net\/fr\/wp-json\/wp\/v2\/discontinued?post=413804"}],"curies":[{"name":"wp","href":"https:\/\/api.w.org\/{rel}","templated":true}]}}