{"id":413450,"date":"2022-02-01T12:26:10","date_gmt":"2022-02-01T10:26:10","guid":{"rendered":"https:\/\/games.tactic.net\/tuote\/lumo-stars-figu-pupu\/"},"modified":"2025-07-17T13:49:11","modified_gmt":"2025-07-17T10:49:11","slug":"lumo-stars-figu-pupu","status":"archive","type":"product","link":"https:\/\/games.tactic.net\/fr\/tuote\/lumo-stars-figu-pupu\/","title":{"rendered":"Lumo Stars Figu Pupu"},"content":{"rendered":"<p>Lumo Stars Figu<\/p>\n<p>Qui a fait les traces dans la neige ? Attendez&#8230; C&rsquo;est Pupu, un petit lapin sautillant dans la neige. Pupu se sent un peu seul et veut retrouver des amis. \u00ab\u00a0H\u00e9, o\u00f9 \u00eates-vous tous\u00a0\u00bb, crie Pupu. Tout \u00e0 coup, Pupu peut voir un feu de camp et des animaux se r\u00e9chauffer autour. \u00ab\u00a0Voil\u00e0,\u00a0\u00bb dit Pupu, soulag\u00e9, et bondit pour s&rsquo;asseoir \u00e0 c\u00f4t\u00e9 d&rsquo;eux. Le feu de camp est chaleureux et relaxant et les animaux Lumo Stars \u00e9coutent pendant que P\u00f6ll\u00f6 le hibou leur raconte une histoire pour s&rsquo;endormir.<\/p>\n","protected":false},"excerpt":{"rendered":"<p><\/p>\n","protected":false},"featured_media":0,"template":"","meta":{"content-type":"","_monsterinsights_skip_tracking":false,"_monsterinsights_sitenote_active":false,"_monsterinsights_sitenote_note":"","_monsterinsights_sitenote_category":0},"product_brand":[],"product_cat":[1824],"product_tag":[],"brand":[{"id":1021,"name":"Lumo Stars","slug":"lumo-stars_fr"}],"target-group":[],"discontinued":[],"class_list":{"0":"post-413450","1":"product","2":"type-product","3":"status-archive","5":"product_cat-figurines","6":"brand-lumo-stars_fr","8":"first","9":"outofstock","10":"taxable","11":"shipping-taxable","12":"product-type-simple"},"aioseo_notices":[],"_links":{"self":[{"href":"https:\/\/games.tactic.net\/fr\/wp-json\/wp\/v2\/product\/413450","targetHints":{"allow":["GET"]}}],"collection":[{"href":"https:\/\/games.tactic.net\/fr\/wp-json\/wp\/v2\/product"}],"about":[{"href":"https:\/\/games.tactic.net\/fr\/wp-json\/wp\/v2\/types\/product"}],"wp:attachment":[{"href":"https:\/\/games.tactic.net\/fr\/wp-json\/wp\/v2\/media?parent=413450"}],"wp:term":[{"taxonomy":"product_brand","embeddable":true,"href":"https:\/\/games.tactic.net\/fr\/wp-json\/wp\/v2\/product_brand?post=413450"},{"taxonomy":"product_cat","embeddable":true,"href":"https:\/\/games.tactic.net\/fr\/wp-json\/wp\/v2\/product_cat?post=413450"},{"taxonomy":"product_tag","embeddable":true,"href":"https:\/\/games.tactic.net\/fr\/wp-json\/wp\/v2\/product_tag?post=413450"},{"taxonomy":"brand","embeddable":true,"href":"https:\/\/games.tactic.net\/fr\/wp-json\/wp\/v2\/brand?post=413450"},{"taxonomy":"target-group","embeddable":true,"href":"https:\/\/games.tactic.net\/fr\/wp-json\/wp\/v2\/target-group?post=413450"},{"taxonomy":"discontinued","embeddable":true,"href":"https:\/\/games.tactic.net\/fr\/wp-json\/wp\/v2\/discontinued?post=413450"}],"curies":[{"name":"wp","href":"https:\/\/api.w.org\/{rel}","templated":true}]}}