{"id":410931,"date":"2022-01-31T14:06:07","date_gmt":"2022-01-31T12:06:07","guid":{"rendered":"https:\/\/games.tactic.net\/tuote\/lumo-stars-figu-vasa\/"},"modified":"2025-07-17T13:53:44","modified_gmt":"2025-07-17T10:53:44","slug":"lumo-stars-figu-vasa","status":"archive","type":"product","link":"https:\/\/games.tactic.net\/fr\/tuote\/lumo-stars-figu-vasa\/","title":{"rendered":"Lumo Stars Figu Vasa"},"content":{"rendered":"<p>Lumo Stars Figu Vasa<\/p>\n<\/p>\n<p>Vasa is scared. He&rsquo;s looking this way and that, and can&rsquo;t see anyone. He doesn&rsquo;t like to be out when it&rsquo;s dark, and now he&rsquo;s walking last in the group. Pupu, Otso and Hukka walk in front of him. The wise P\u00f6ll\u00f6 knows Vasa and flies above him shouting \u00ab\u00a0You don&rsquo;t have to be afraid of the dark! I can fly here above you if it makes you feel safer!\u00a0\u00bb Vasa looks at P\u00f6ll\u00f6 with gratitude and doesn&rsquo;t feel scared anymore. He thanks P\u00f6ll\u00f6 for being such a good friend.<\/p>\n","protected":false},"excerpt":{"rendered":"<p><\/p>\n","protected":false},"featured_media":0,"template":"","meta":{"content-type":"","_monsterinsights_skip_tracking":false,"_monsterinsights_sitenote_active":false,"_monsterinsights_sitenote_note":"","_monsterinsights_sitenote_category":0},"product_brand":[],"product_cat":[1824],"product_tag":[],"brand":[{"id":1021,"name":"Lumo Stars","slug":"lumo-stars_fr"}],"target-group":[],"discontinued":[],"class_list":{"0":"post-410931","1":"product","2":"type-product","3":"status-archive","5":"product_cat-figurines","6":"brand-lumo-stars_fr","8":"first","9":"outofstock","10":"taxable","11":"shipping-taxable","12":"product-type-simple"},"aioseo_notices":[],"_links":{"self":[{"href":"https:\/\/games.tactic.net\/fr\/wp-json\/wp\/v2\/product\/410931","targetHints":{"allow":["GET"]}}],"collection":[{"href":"https:\/\/games.tactic.net\/fr\/wp-json\/wp\/v2\/product"}],"about":[{"href":"https:\/\/games.tactic.net\/fr\/wp-json\/wp\/v2\/types\/product"}],"wp:attachment":[{"href":"https:\/\/games.tactic.net\/fr\/wp-json\/wp\/v2\/media?parent=410931"}],"wp:term":[{"taxonomy":"product_brand","embeddable":true,"href":"https:\/\/games.tactic.net\/fr\/wp-json\/wp\/v2\/product_brand?post=410931"},{"taxonomy":"product_cat","embeddable":true,"href":"https:\/\/games.tactic.net\/fr\/wp-json\/wp\/v2\/product_cat?post=410931"},{"taxonomy":"product_tag","embeddable":true,"href":"https:\/\/games.tactic.net\/fr\/wp-json\/wp\/v2\/product_tag?post=410931"},{"taxonomy":"brand","embeddable":true,"href":"https:\/\/games.tactic.net\/fr\/wp-json\/wp\/v2\/brand?post=410931"},{"taxonomy":"target-group","embeddable":true,"href":"https:\/\/games.tactic.net\/fr\/wp-json\/wp\/v2\/target-group?post=410931"},{"taxonomy":"discontinued","embeddable":true,"href":"https:\/\/games.tactic.net\/fr\/wp-json\/wp\/v2\/discontinued?post=410931"}],"curies":[{"name":"wp","href":"https:\/\/api.w.org\/{rel}","templated":true}]}}