{"id":200103,"date":"2021-10-04T10:16:13","date_gmt":"2021-10-04T07:16:13","guid":{"rendered":"http:\/\/dev.tactic.net\/tuote\/coffret-en-bois-set-de-6-boules\/"},"modified":"2023-09-27T20:33:17","modified_gmt":"2023-09-27T17:33:17","slug":"coffret-en-bois-set-de-6-boules","status":"publish","type":"product","link":"https:\/\/games.tactic.net\/fr\/tuote\/coffret-en-bois-set-de-6-boules\/","title":{"rendered":"Coffret en bois \u2013 Set de 6 boules"},"content":{"rendered":"<p>La p\u00e9tanque est un jeu de plein air fran\u00e7ais classique. Visez bien et lancez aussi pr\u00e9cis\u00e9ment que possible pour que la boule atterrisse pr\u00e8s du cochonnet.<\/p>\n","protected":false},"excerpt":{"rendered":"<p>La p\u00e9tanque est un jeu de plein air fran\u00e7ais classique. Visez bien et lancez aussi pr\u00e9cis\u00e9ment que possible pour que la boule atterrisse pr\u00e8s du cochonnet.<\/p>\n","protected":false},"featured_media":0,"template":"","meta":{"content-type":"","_monsterinsights_skip_tracking":false,"_monsterinsights_sitenote_active":false,"_monsterinsights_sitenote_note":"","_monsterinsights_sitenote_category":0},"product_brand":[],"product_cat":[1885],"product_tag":[302,578],"brand":[],"target-group":[],"discontinued":[],"class_list":{"0":"post-200103","1":"product","2":"type-product","3":"status-publish","5":"product_cat-autres-jeux-dexterieur","6":"product_tag-action","7":"product_tag-habilete","9":"first","10":"instock","11":"taxable","12":"shipping-taxable","13":"product-type-simple"},"aioseo_notices":[],"_links":{"self":[{"href":"https:\/\/games.tactic.net\/fr\/wp-json\/wp\/v2\/product\/200103","targetHints":{"allow":["GET"]}}],"collection":[{"href":"https:\/\/games.tactic.net\/fr\/wp-json\/wp\/v2\/product"}],"about":[{"href":"https:\/\/games.tactic.net\/fr\/wp-json\/wp\/v2\/types\/product"}],"wp:attachment":[{"href":"https:\/\/games.tactic.net\/fr\/wp-json\/wp\/v2\/media?parent=200103"}],"wp:term":[{"taxonomy":"product_brand","embeddable":true,"href":"https:\/\/games.tactic.net\/fr\/wp-json\/wp\/v2\/product_brand?post=200103"},{"taxonomy":"product_cat","embeddable":true,"href":"https:\/\/games.tactic.net\/fr\/wp-json\/wp\/v2\/product_cat?post=200103"},{"taxonomy":"product_tag","embeddable":true,"href":"https:\/\/games.tactic.net\/fr\/wp-json\/wp\/v2\/product_tag?post=200103"},{"taxonomy":"brand","embeddable":true,"href":"https:\/\/games.tactic.net\/fr\/wp-json\/wp\/v2\/brand?post=200103"},{"taxonomy":"target-group","embeddable":true,"href":"https:\/\/games.tactic.net\/fr\/wp-json\/wp\/v2\/target-group?post=200103"},{"taxonomy":"discontinued","embeddable":true,"href":"https:\/\/games.tactic.net\/fr\/wp-json\/wp\/v2\/discontinued?post=200103"}],"curies":[{"name":"wp","href":"https:\/\/api.w.org\/{rel}","templated":true}]}}