{"id":200088,"date":"2021-10-04T10:15:18","date_gmt":"2021-10-04T07:15:18","guid":{"rendered":"http:\/\/dev.tactic.net\/tuote\/la-chasseaux-tresors\/"},"modified":"2023-10-25T13:59:13","modified_gmt":"2023-10-25T10:59:13","slug":"la-chasseaux-tresors","status":"publish","type":"product","link":"https:\/\/games.tactic.net\/fr\/tuote\/la-chasseaux-tresors\/","title":{"rendered":"Tactic La Chasse aux Tr\u00e9sors"},"content":{"rendered":"<p>Mettre sur pied une chasse au tr\u00e9sor n\u2019a jamais \u00e9t\u00e9 facile ! Dessinez, \u00e9crivez ou marquez des indices sur les cartes, cachez-les pour que les pirates les retrouvent et envoyez la joyeuse bande \u00e0 la recherche du tr\u00e9sor. Que vous soyez en int\u00e9rieur ou en ext\u00e9rieur, c\u2019est une excellente fa\u00e7on de faire s\u2019\u00e9vader les enfants !<\/p>\n","protected":false},"excerpt":{"rendered":"<p>Mettre sur pied une chasse au tr\u00e9sor n\u2019a jamais \u00e9t\u00e9 facile ! Dessinez, \u00e9crivez ou marquez des indices sur les cartes, cachez-les pour que les pirates les retrouvent et envoyez la joyeuse bande \u00e0 la recherche du tr\u00e9sor. Que vous soyez en int\u00e9rieur ou en ext\u00e9rieur, c\u2019est une excellente fa\u00e7on de faire s\u2019\u00e9vader les enfants !<\/p>\n","protected":false},"featured_media":0,"template":"","meta":{"content-type":"","_monsterinsights_skip_tracking":false,"_monsterinsights_sitenote_active":false,"_monsterinsights_sitenote_note":"","_monsterinsights_sitenote_category":0},"product_brand":[],"product_cat":[1885],"product_tag":[326],"brand":[],"target-group":[],"discontinued":[],"class_list":{"0":"post-200088","1":"product","2":"type-product","3":"status-publish","5":"product_cat-autres-jeux-dexterieur","6":"product_tag-creativite","8":"first","9":"instock","10":"taxable","11":"shipping-taxable","12":"product-type-simple"},"aioseo_notices":[],"_links":{"self":[{"href":"https:\/\/games.tactic.net\/fr\/wp-json\/wp\/v2\/product\/200088","targetHints":{"allow":["GET"]}}],"collection":[{"href":"https:\/\/games.tactic.net\/fr\/wp-json\/wp\/v2\/product"}],"about":[{"href":"https:\/\/games.tactic.net\/fr\/wp-json\/wp\/v2\/types\/product"}],"wp:attachment":[{"href":"https:\/\/games.tactic.net\/fr\/wp-json\/wp\/v2\/media?parent=200088"}],"wp:term":[{"taxonomy":"product_brand","embeddable":true,"href":"https:\/\/games.tactic.net\/fr\/wp-json\/wp\/v2\/product_brand?post=200088"},{"taxonomy":"product_cat","embeddable":true,"href":"https:\/\/games.tactic.net\/fr\/wp-json\/wp\/v2\/product_cat?post=200088"},{"taxonomy":"product_tag","embeddable":true,"href":"https:\/\/games.tactic.net\/fr\/wp-json\/wp\/v2\/product_tag?post=200088"},{"taxonomy":"brand","embeddable":true,"href":"https:\/\/games.tactic.net\/fr\/wp-json\/wp\/v2\/brand?post=200088"},{"taxonomy":"target-group","embeddable":true,"href":"https:\/\/games.tactic.net\/fr\/wp-json\/wp\/v2\/target-group?post=200088"},{"taxonomy":"discontinued","embeddable":true,"href":"https:\/\/games.tactic.net\/fr\/wp-json\/wp\/v2\/discontinued?post=200088"}],"curies":[{"name":"wp","href":"https:\/\/api.w.org\/{rel}","templated":true}]}}