{"id":199971,"date":"2021-10-04T10:07:51","date_gmt":"2021-10-04T07:07:51","guid":{"rendered":"http:\/\/dev.tactic.net\/tuote\/kubb-version-luxe\/"},"modified":"2024-10-11T15:07:09","modified_gmt":"2024-10-11T12:07:09","slug":"kubb-version-luxe","status":"archive","type":"product","link":"https:\/\/games.tactic.net\/fr\/tuote\/kubb-version-luxe\/","title":{"rendered":"Tactic Kubb Version luxe"},"content":{"rendered":"<p>Marquez des points en renversant les quilles de bois, mais souvenez-vous que si le Roi tombe avant les quilles, vous avez perdu ! Jouez comme les Vikings et d\u00e9fiez vos amis pour un duel en plein air, jusqu\u2019\u00e0 la derni\u00e8re quille.<\/p>\n","protected":false},"excerpt":{"rendered":"<p>Mettez les pi\u00e8ces de bois en place, et essayez de jeter vos pi\u00e8ces \u00e0 l\u2019int\u00e9rieur du carr\u00e9 de jeu. Mais attention \u00e0 ne pas renverser le roi avant d\u2019avoir \u00e9limin\u00e9 tous ses valets, ou vous perdrez la partie.<\/p>\n","protected":false},"featured_media":0,"template":"","meta":{"content-type":"","_monsterinsights_skip_tracking":false,"_monsterinsights_sitenote_active":false,"_monsterinsights_sitenote_note":"","_monsterinsights_sitenote_category":0},"product_brand":[],"product_cat":[1885],"product_tag":[578],"brand":[],"target-group":[],"discontinued":[],"class_list":{"0":"post-199971","1":"product","2":"type-product","3":"status-archive","5":"product_cat-autres-jeux-dexterieur","6":"product_tag-habilete","8":"first","9":"outofstock","10":"taxable","11":"shipping-taxable","12":"product-type-simple"},"aioseo_notices":[],"_links":{"self":[{"href":"https:\/\/games.tactic.net\/fr\/wp-json\/wp\/v2\/product\/199971","targetHints":{"allow":["GET"]}}],"collection":[{"href":"https:\/\/games.tactic.net\/fr\/wp-json\/wp\/v2\/product"}],"about":[{"href":"https:\/\/games.tactic.net\/fr\/wp-json\/wp\/v2\/types\/product"}],"wp:attachment":[{"href":"https:\/\/games.tactic.net\/fr\/wp-json\/wp\/v2\/media?parent=199971"}],"wp:term":[{"taxonomy":"product_brand","embeddable":true,"href":"https:\/\/games.tactic.net\/fr\/wp-json\/wp\/v2\/product_brand?post=199971"},{"taxonomy":"product_cat","embeddable":true,"href":"https:\/\/games.tactic.net\/fr\/wp-json\/wp\/v2\/product_cat?post=199971"},{"taxonomy":"product_tag","embeddable":true,"href":"https:\/\/games.tactic.net\/fr\/wp-json\/wp\/v2\/product_tag?post=199971"},{"taxonomy":"brand","embeddable":true,"href":"https:\/\/games.tactic.net\/fr\/wp-json\/wp\/v2\/brand?post=199971"},{"taxonomy":"target-group","embeddable":true,"href":"https:\/\/games.tactic.net\/fr\/wp-json\/wp\/v2\/target-group?post=199971"},{"taxonomy":"discontinued","embeddable":true,"href":"https:\/\/games.tactic.net\/fr\/wp-json\/wp\/v2\/discontinued?post=199971"}],"curies":[{"name":"wp","href":"https:\/\/api.w.org\/{rel}","templated":true}]}}