{"id":199843,"date":"2021-10-04T10:00:28","date_gmt":"2021-10-04T07:00:28","guid":{"rendered":"http:\/\/dev.tactic.net\/tuote\/mini-molkky\/"},"modified":"2022-02-03T09:37:47","modified_gmt":"2022-02-03T07:37:47","slug":"mini-molkky","status":"publish","type":"product","link":"https:\/\/games.tactic.net\/fr\/tuote\/mini-molkky\/","title":{"rendered":"Mini M\u00f6lkky"},"content":{"rendered":"<p>Devenez adepte du M\u00f6lkky ce jeu de lancer tr\u00e8s populaire en Scandinavie qui combine adresse, tactique et chance et s\u2019apparente \u00e0 la fois au jeu de p\u00e9tanque, de billard et de bowling. <br \/>\nC\u2019est tr\u00e8s simple, et tr\u00e8s convivial, il s\u2019agit d\u2019\u00eatre le premier \u00e0 atteindre 50 points tr\u00e8s exactement en renversant les quilles. Mais ne d\u00e9passez pas 50 points sinon votre score redescendra \u00e0 25 !<br \/>\nAvec le Mini M\u00f6lkyy, jouez \u00e0 l\u00b4int\u00e8rieur, faites participer les plus jeunes, et pensez \u00e0 l\u00b4emporter en voyage !<\/p>\n<div><\/div>\n<div><img decoding=\"async\" align=\"none\" alt=\"Nuoli\" src=\"http:\/\/www.tactic.net\/img\/nuoli.png\"><a href=\"http:\/\/www.molkky.com\/\" target=\"_blank\" rel=\"noopener\">www.molkky.com<\/a><\/div>\n","protected":false},"excerpt":{"rendered":"<p>Devenez adepte du M\u00f6lkky ce jeu de lancer tr\u00e8s populaire en Scandinavie qui combine adresse, tactique et chance et s\u2019apparente \u00e0 la fois au jeu de p\u00e9tanque, de billard et de bowling. <br \/>\nC\u2019est tr\u00e8s simple, et tr\u00e8s convivial, il s\u2019agit d\u2019\u00eatre le premier \u00e0 atteindre 50 points tr\u00e8s exactement en renversant les quilles. Mais ne d\u00e9passez pas 50 points sinon votre score redescendra \u00e0 25 !<br \/>\nAvec le Mini M\u00f6lkyy, jouez \u00e0 l\u00b4int\u00e8rieur, faites participer les plus jeunes, et pensez \u00e0 l\u00b4emporter en voyage !<\/p>\n","protected":false},"featured_media":0,"template":"","meta":{"content-type":"","_monsterinsights_skip_tracking":false,"_monsterinsights_sitenote_active":false,"_monsterinsights_sitenote_note":"","_monsterinsights_sitenote_category":0},"product_brand":[],"product_cat":[1884],"product_tag":[373,578,898],"brand":[{"id":1196,"name":"M\u00f6lkky","slug":"molkky_fr"}],"target-group":[],"discontinued":[],"class_list":{"0":"post-199843","1":"product","2":"type-product","3":"status-publish","5":"product_cat-jeux","6":"product_tag-calcul","7":"product_tag-habilete","8":"product_tag-tactique","9":"brand-molkky_fr","11":"first","12":"outofstock","13":"taxable","14":"shipping-taxable","15":"product-type-simple"},"aioseo_notices":[],"_links":{"self":[{"href":"https:\/\/games.tactic.net\/fr\/wp-json\/wp\/v2\/product\/199843","targetHints":{"allow":["GET"]}}],"collection":[{"href":"https:\/\/games.tactic.net\/fr\/wp-json\/wp\/v2\/product"}],"about":[{"href":"https:\/\/games.tactic.net\/fr\/wp-json\/wp\/v2\/types\/product"}],"wp:attachment":[{"href":"https:\/\/games.tactic.net\/fr\/wp-json\/wp\/v2\/media?parent=199843"}],"wp:term":[{"taxonomy":"product_brand","embeddable":true,"href":"https:\/\/games.tactic.net\/fr\/wp-json\/wp\/v2\/product_brand?post=199843"},{"taxonomy":"product_cat","embeddable":true,"href":"https:\/\/games.tactic.net\/fr\/wp-json\/wp\/v2\/product_cat?post=199843"},{"taxonomy":"product_tag","embeddable":true,"href":"https:\/\/games.tactic.net\/fr\/wp-json\/wp\/v2\/product_tag?post=199843"},{"taxonomy":"brand","embeddable":true,"href":"https:\/\/games.tactic.net\/fr\/wp-json\/wp\/v2\/brand?post=199843"},{"taxonomy":"target-group","embeddable":true,"href":"https:\/\/games.tactic.net\/fr\/wp-json\/wp\/v2\/target-group?post=199843"},{"taxonomy":"discontinued","embeddable":true,"href":"https:\/\/games.tactic.net\/fr\/wp-json\/wp\/v2\/discontinued?post=199843"}],"curies":[{"name":"wp","href":"https:\/\/api.w.org\/{rel}","templated":true}]}}