{"id":199673,"date":"2021-10-04T09:56:08","date_gmt":"2021-10-04T06:56:08","guid":{"rendered":"http:\/\/dev.tactic.net\/tuote\/molkky-competition\/"},"modified":"2023-09-27T14:39:06","modified_gmt":"2023-09-27T11:39:06","slug":"molkky-competition","status":"publish","type":"product","link":"https:\/\/games.tactic.net\/fr\/tuote\/molkky-competition\/","title":{"rendered":"M\u00f6lkky\u00ae Comp\u00e9tition"},"content":{"rendered":"<p>Mettez les quilles num\u00e9rot\u00e9es en place, puis lancez le M\u00f6lkky\u00ae ! Le premier \u00e0 atteindre exactement 50 points remporte la manche. Mais attention, si vous d\u00e9passez 50, votre score retombera \u00e0 25 !<\/p>\n","protected":false},"excerpt":{"rendered":"<p>Mettez les quilles num\u00e9rot\u00e9es en place, puis lancez le M\u00f6lkky\u00ae ! Le premier \u00e0 atteindre exactement 50 points remporte la manche. Mais attention, si vous d\u00e9passez 50, votre score retombera \u00e0 25 !<\/p>\n","protected":false},"featured_media":0,"template":"","meta":{"content-type":"","_monsterinsights_skip_tracking":false,"_monsterinsights_sitenote_active":false,"_monsterinsights_sitenote_note":"","_monsterinsights_sitenote_category":0},"product_brand":[],"product_cat":[1884],"product_tag":[373,1326,578,1246],"brand":[{"id":1196,"name":"M\u00f6lkky","slug":"molkky_fr"}],"target-group":[],"discontinued":[],"class_list":{"0":"post-199673","1":"product","2":"type-product","3":"status-publish","5":"product_cat-jeux","6":"product_tag-calcul","7":"product_tag-ensemble","8":"product_tag-habilete","9":"product_tag-strategie-fr","10":"brand-molkky_fr","12":"first","13":"instock","14":"taxable","15":"shipping-taxable","16":"product-type-simple"},"aioseo_notices":[],"_links":{"self":[{"href":"https:\/\/games.tactic.net\/fr\/wp-json\/wp\/v2\/product\/199673","targetHints":{"allow":["GET"]}}],"collection":[{"href":"https:\/\/games.tactic.net\/fr\/wp-json\/wp\/v2\/product"}],"about":[{"href":"https:\/\/games.tactic.net\/fr\/wp-json\/wp\/v2\/types\/product"}],"wp:attachment":[{"href":"https:\/\/games.tactic.net\/fr\/wp-json\/wp\/v2\/media?parent=199673"}],"wp:term":[{"taxonomy":"product_brand","embeddable":true,"href":"https:\/\/games.tactic.net\/fr\/wp-json\/wp\/v2\/product_brand?post=199673"},{"taxonomy":"product_cat","embeddable":true,"href":"https:\/\/games.tactic.net\/fr\/wp-json\/wp\/v2\/product_cat?post=199673"},{"taxonomy":"product_tag","embeddable":true,"href":"https:\/\/games.tactic.net\/fr\/wp-json\/wp\/v2\/product_tag?post=199673"},{"taxonomy":"brand","embeddable":true,"href":"https:\/\/games.tactic.net\/fr\/wp-json\/wp\/v2\/brand?post=199673"},{"taxonomy":"target-group","embeddable":true,"href":"https:\/\/games.tactic.net\/fr\/wp-json\/wp\/v2\/target-group?post=199673"},{"taxonomy":"discontinued","embeddable":true,"href":"https:\/\/games.tactic.net\/fr\/wp-json\/wp\/v2\/discontinued?post=199673"}],"curies":[{"name":"wp","href":"https:\/\/api.w.org\/{rel}","templated":true}]}}