{"id":199601,"date":"2021-10-04T09:53:17","date_gmt":"2021-10-04T06:53:17","guid":{"rendered":"http:\/\/dev.tactic.net\/tuote\/xl-yatzy-geant\/"},"modified":"2023-10-06T18:29:15","modified_gmt":"2023-10-06T15:29:15","slug":"xl-yatzy-geant","status":"publish","type":"product","link":"https:\/\/games.tactic.net\/fr\/tuote\/xl-yatzy-geant\/","title":{"rendered":"Tactic XL Yatzy G\u00e9ant"},"content":{"rendered":"<p>Lancez les cinq gros d\u00e9s en bois, et cherchez \u00e0 r\u00e9aliser toutes les combinaisons pr\u00e9sentes sur la fiche. Le joueur ayant obtenu le score le plus \u00e9lev\u00e9 remporte la partie.<\/p>\n","protected":false},"excerpt":{"rendered":"<p>Lancez les cinq gros d\u00e9s en bois, et cherchez \u00e0 r\u00e9aliser toutes les combinaisons pr\u00e9sentes sur la fiche. Le joueur ayant obtenu le score le plus \u00e9lev\u00e9 remporte la partie.<\/p>\n","protected":false},"featured_media":0,"template":"","meta":{"content-type":"","_monsterinsights_skip_tracking":false,"_monsterinsights_sitenote_active":false,"_monsterinsights_sitenote_note":"","_monsterinsights_sitenote_category":0},"product_brand":[],"product_cat":[1869,1868],"product_tag":[373,1236],"brand":[],"target-group":[],"discontinued":[],"class_list":{"0":"post-199601","1":"product","2":"type-product","3":"status-publish","5":"product_cat-active-play-jeux-dexterieur","6":"product_cat-active-play-jeux-enfants","7":"product_tag-calcul","8":"product_tag-combiner-fr","10":"first","11":"instock","12":"taxable","13":"shipping-taxable","14":"product-type-simple"},"aioseo_notices":[],"_links":{"self":[{"href":"https:\/\/games.tactic.net\/fr\/wp-json\/wp\/v2\/product\/199601","targetHints":{"allow":["GET"]}}],"collection":[{"href":"https:\/\/games.tactic.net\/fr\/wp-json\/wp\/v2\/product"}],"about":[{"href":"https:\/\/games.tactic.net\/fr\/wp-json\/wp\/v2\/types\/product"}],"wp:attachment":[{"href":"https:\/\/games.tactic.net\/fr\/wp-json\/wp\/v2\/media?parent=199601"}],"wp:term":[{"taxonomy":"product_brand","embeddable":true,"href":"https:\/\/games.tactic.net\/fr\/wp-json\/wp\/v2\/product_brand?post=199601"},{"taxonomy":"product_cat","embeddable":true,"href":"https:\/\/games.tactic.net\/fr\/wp-json\/wp\/v2\/product_cat?post=199601"},{"taxonomy":"product_tag","embeddable":true,"href":"https:\/\/games.tactic.net\/fr\/wp-json\/wp\/v2\/product_tag?post=199601"},{"taxonomy":"brand","embeddable":true,"href":"https:\/\/games.tactic.net\/fr\/wp-json\/wp\/v2\/brand?post=199601"},{"taxonomy":"target-group","embeddable":true,"href":"https:\/\/games.tactic.net\/fr\/wp-json\/wp\/v2\/target-group?post=199601"},{"taxonomy":"discontinued","embeddable":true,"href":"https:\/\/games.tactic.net\/fr\/wp-json\/wp\/v2\/discontinued?post=199601"}],"curies":[{"name":"wp","href":"https:\/\/api.w.org\/{rel}","templated":true}]}}