{"id":199512,"date":"2021-10-04T09:47:05","date_gmt":"2021-10-04T06:47:05","guid":{"rendered":"http:\/\/dev.tactic.net\/tuote\/animalsof-the-world\/"},"modified":"2023-10-17T19:35:18","modified_gmt":"2023-10-17T16:35:18","slug":"animalsof-the-world","status":"publish","type":"product","link":"https:\/\/games.tactic.net\/fr\/tuote\/animalsof-the-world\/","title":{"rendered":"Tactic Active Play Croquet animals"},"content":{"rendered":"<p>Cet amusant jeu de culture g\u00e9n\u00e9rale r\u00e9veillera votre c\u00f4t\u00e9 sauvage ! Voyagez autour du monde, rencontrez et reconnaissez d\u2019incroyables animaux sauvages avant de r\u00e9pondre \u00e0 des questions les concernant. Le joueur ayant place le plus grand nombre d\u2019animaux sur le bon continent remporte la partie !<\/p>\n","protected":false},"excerpt":{"rendered":"<p>Cet amusant jeu de culture g\u00e9n\u00e9rale r\u00e9veillera votre c\u00f4t\u00e9 sauvage ! Voyagez autour du monde, rencontrez et reconnaissez d\u2019incroyables animaux sauvages avant de r\u00e9pondre \u00e0 des questions les concernant. Le joueur ayant place le plus grand nombre d\u2019animaux sur le bon continent remporte la partie !<\/p>\n","protected":false},"featured_media":0,"template":"","meta":{"content-type":"","_monsterinsights_skip_tracking":false,"_monsterinsights_sitenote_active":false,"_monsterinsights_sitenote_note":"","_monsterinsights_sitenote_category":0},"product_brand":[],"product_cat":[1868,1869],"product_tag":[578],"brand":[],"target-group":[],"discontinued":[],"class_list":{"0":"post-199512","1":"product","2":"type-product","3":"status-publish","5":"product_cat-active-play-jeux-enfants","6":"product_cat-active-play-jeux-dexterieur","7":"product_tag-habilete","9":"first","10":"outofstock","11":"taxable","12":"shipping-taxable","13":"product-type-simple"},"aioseo_notices":[],"_links":{"self":[{"href":"https:\/\/games.tactic.net\/fr\/wp-json\/wp\/v2\/product\/199512","targetHints":{"allow":["GET"]}}],"collection":[{"href":"https:\/\/games.tactic.net\/fr\/wp-json\/wp\/v2\/product"}],"about":[{"href":"https:\/\/games.tactic.net\/fr\/wp-json\/wp\/v2\/types\/product"}],"wp:attachment":[{"href":"https:\/\/games.tactic.net\/fr\/wp-json\/wp\/v2\/media?parent=199512"}],"wp:term":[{"taxonomy":"product_brand","embeddable":true,"href":"https:\/\/games.tactic.net\/fr\/wp-json\/wp\/v2\/product_brand?post=199512"},{"taxonomy":"product_cat","embeddable":true,"href":"https:\/\/games.tactic.net\/fr\/wp-json\/wp\/v2\/product_cat?post=199512"},{"taxonomy":"product_tag","embeddable":true,"href":"https:\/\/games.tactic.net\/fr\/wp-json\/wp\/v2\/product_tag?post=199512"},{"taxonomy":"brand","embeddable":true,"href":"https:\/\/games.tactic.net\/fr\/wp-json\/wp\/v2\/brand?post=199512"},{"taxonomy":"target-group","embeddable":true,"href":"https:\/\/games.tactic.net\/fr\/wp-json\/wp\/v2\/target-group?post=199512"},{"taxonomy":"discontinued","embeddable":true,"href":"https:\/\/games.tactic.net\/fr\/wp-json\/wp\/v2\/discontinued?post=199512"}],"curies":[{"name":"wp","href":"https:\/\/api.w.org\/{rel}","templated":true}]}}