{"id":199467,"date":"2021-10-04T09:43:48","date_gmt":"2021-10-04T06:43:48","guid":{"rendered":"http:\/\/dev.tactic.net\/tuote\/4-en-ligne\/"},"modified":"2025-11-19T15:20:11","modified_gmt":"2025-11-19T13:20:11","slug":"4-en-ligne","status":"archive","type":"product","link":"https:\/\/games.tactic.net\/fr\/tuote\/4-en-ligne\/","title":{"rendered":"Tactic Active Play 4 en ligne"},"content":{"rendered":"<p>Essayez d\u2019\u00eatre le premier \u00e0 aligner quatre disques de m\u00eame couleur horizontalement, verticalement ou en diagonale !<\/p>\n","protected":false},"excerpt":{"rendered":"<p>Essayez d\u2019\u00eatre le premier \u00e0 aligner quatre disques de m\u00eame couleur horizontalement, verticalement ou en diagonale !<\/p>\n","protected":false},"featured_media":0,"template":"","meta":{"content-type":"","_monsterinsights_skip_tracking":false,"_monsterinsights_sitenote_active":false,"_monsterinsights_sitenote_note":"","_monsterinsights_sitenote_category":0},"product_brand":[],"product_cat":[1868,1869],"product_tag":[1236,1246],"brand":[],"target-group":[],"discontinued":[],"class_list":{"0":"post-199467","1":"product","2":"type-product","3":"status-archive","5":"product_cat-active-play-jeux-enfants","6":"product_cat-active-play-jeux-dexterieur","7":"product_tag-combiner-fr","8":"product_tag-strategie-fr","10":"first","11":"outofstock","12":"taxable","13":"shipping-taxable","14":"product-type-simple"},"aioseo_notices":[],"_links":{"self":[{"href":"https:\/\/games.tactic.net\/fr\/wp-json\/wp\/v2\/product\/199467","targetHints":{"allow":["GET"]}}],"collection":[{"href":"https:\/\/games.tactic.net\/fr\/wp-json\/wp\/v2\/product"}],"about":[{"href":"https:\/\/games.tactic.net\/fr\/wp-json\/wp\/v2\/types\/product"}],"wp:attachment":[{"href":"https:\/\/games.tactic.net\/fr\/wp-json\/wp\/v2\/media?parent=199467"}],"wp:term":[{"taxonomy":"product_brand","embeddable":true,"href":"https:\/\/games.tactic.net\/fr\/wp-json\/wp\/v2\/product_brand?post=199467"},{"taxonomy":"product_cat","embeddable":true,"href":"https:\/\/games.tactic.net\/fr\/wp-json\/wp\/v2\/product_cat?post=199467"},{"taxonomy":"product_tag","embeddable":true,"href":"https:\/\/games.tactic.net\/fr\/wp-json\/wp\/v2\/product_tag?post=199467"},{"taxonomy":"brand","embeddable":true,"href":"https:\/\/games.tactic.net\/fr\/wp-json\/wp\/v2\/brand?post=199467"},{"taxonomy":"target-group","embeddable":true,"href":"https:\/\/games.tactic.net\/fr\/wp-json\/wp\/v2\/target-group?post=199467"},{"taxonomy":"discontinued","embeddable":true,"href":"https:\/\/games.tactic.net\/fr\/wp-json\/wp\/v2\/discontinued?post=199467"}],"curies":[{"name":"wp","href":"https:\/\/api.w.org\/{rel}","templated":true}]}}