{"id":199452,"date":"2021-10-04T09:42:40","date_gmt":"2021-10-04T06:42:40","guid":{"rendered":"http:\/\/dev.tactic.net\/tuote\/jeu-des-anneaux\/"},"modified":"2023-09-27T20:35:13","modified_gmt":"2023-09-27T17:35:13","slug":"jeu-des-anneaux","status":"publish","type":"product","link":"https:\/\/games.tactic.net\/fr\/tuote\/jeu-des-anneaux\/","title":{"rendered":"Tactic Active Play Jeu des anneaux"},"content":{"rendered":"<p>Pr\u00e9parez-vous, visez et lancez ! Ce jeu en bois est parfait pour toute la famille.<\/p>\n","protected":false},"excerpt":{"rendered":"<p>Pr\u00e9parez-vous, visez et lancez ! Ce jeu en bois est parfait pour toute la famille. Les r\u00e8gles sont simples et m\u00eame les plus jeunes joueurs passent un bon moment.<\/p>\n","protected":false},"featured_media":0,"template":"","meta":{"content-type":"","_monsterinsights_skip_tracking":false,"_monsterinsights_sitenote_active":false,"_monsterinsights_sitenote_note":"","_monsterinsights_sitenote_category":0},"product_brand":[],"product_cat":[1869,1868],"product_tag":[302,578],"brand":[],"target-group":[],"discontinued":[],"class_list":{"0":"post-199452","1":"product","2":"type-product","3":"status-publish","5":"product_cat-active-play-jeux-dexterieur","6":"product_cat-active-play-jeux-enfants","7":"product_tag-action","8":"product_tag-habilete","10":"first","11":"instock","12":"taxable","13":"shipping-taxable","14":"product-type-simple"},"aioseo_notices":[],"_links":{"self":[{"href":"https:\/\/games.tactic.net\/fr\/wp-json\/wp\/v2\/product\/199452","targetHints":{"allow":["GET"]}}],"collection":[{"href":"https:\/\/games.tactic.net\/fr\/wp-json\/wp\/v2\/product"}],"about":[{"href":"https:\/\/games.tactic.net\/fr\/wp-json\/wp\/v2\/types\/product"}],"wp:attachment":[{"href":"https:\/\/games.tactic.net\/fr\/wp-json\/wp\/v2\/media?parent=199452"}],"wp:term":[{"taxonomy":"product_brand","embeddable":true,"href":"https:\/\/games.tactic.net\/fr\/wp-json\/wp\/v2\/product_brand?post=199452"},{"taxonomy":"product_cat","embeddable":true,"href":"https:\/\/games.tactic.net\/fr\/wp-json\/wp\/v2\/product_cat?post=199452"},{"taxonomy":"product_tag","embeddable":true,"href":"https:\/\/games.tactic.net\/fr\/wp-json\/wp\/v2\/product_tag?post=199452"},{"taxonomy":"brand","embeddable":true,"href":"https:\/\/games.tactic.net\/fr\/wp-json\/wp\/v2\/brand?post=199452"},{"taxonomy":"target-group","embeddable":true,"href":"https:\/\/games.tactic.net\/fr\/wp-json\/wp\/v2\/target-group?post=199452"},{"taxonomy":"discontinued","embeddable":true,"href":"https:\/\/games.tactic.net\/fr\/wp-json\/wp\/v2\/discontinued?post=199452"}],"curies":[{"name":"wp","href":"https:\/\/api.w.org\/{rel}","templated":true}]}}