{"id":199437,"date":"2021-10-04T09:40:23","date_gmt":"2021-10-04T06:40:23","guid":{"rendered":"http:\/\/dev.tactic.net\/tuote\/beer-pong\/"},"modified":"2023-05-10T15:08:40","modified_gmt":"2023-05-10T12:08:40","slug":"beer-pong","status":"publish","type":"product","link":"https:\/\/games.tactic.net\/fr\/tuote\/beer-pong\/","title":{"rendered":"Beer Pong"},"content":{"rendered":"<p>Mettez le feu \u00e0 la soir\u00e9e et d\u00e9cha\u00eenez les rires gr\u00e2ce<br \/>\n\u00e0 Beer Pong, l\u2019indispensable alli\u00e9 de tout barbecue,<br \/>\npique-nique ou soir\u00e9e \u00e9tudiante ! Placez les<br \/>\ngobelets, versez la boisson et visez !<\/p>\n","protected":false},"excerpt":{"rendered":"<p>Mettez le feu \u00e0 la soir\u00e9e et d\u00e9cha\u00eenez les rires gr\u00e2ce \u00e0 Beer Pong, l\u2019indispensable alli\u00e9 de tout barbecue, pique-nique ou soir\u00e9e \u00e9tudiante ! Placez les gobelets, versez la boisson et visez !<\/p>\n","protected":false},"featured_media":0,"template":"","meta":{"content-type":"","_monsterinsights_skip_tracking":false,"_monsterinsights_sitenote_active":false,"_monsterinsights_sitenote_note":"","_monsterinsights_sitenote_category":0},"product_brand":[],"product_cat":[1879],"product_tag":[302,578,1036],"brand":[],"target-group":[],"discontinued":[],"class_list":{"0":"post-199437","1":"product","2":"type-product","3":"status-publish","5":"product_cat-party-games","6":"product_tag-action","7":"product_tag-habilete","8":"product_tag-passe-temps","10":"first","11":"outofstock","12":"taxable","13":"shipping-taxable","14":"product-type-simple"},"aioseo_notices":[],"_links":{"self":[{"href":"https:\/\/games.tactic.net\/fr\/wp-json\/wp\/v2\/product\/199437","targetHints":{"allow":["GET"]}}],"collection":[{"href":"https:\/\/games.tactic.net\/fr\/wp-json\/wp\/v2\/product"}],"about":[{"href":"https:\/\/games.tactic.net\/fr\/wp-json\/wp\/v2\/types\/product"}],"wp:attachment":[{"href":"https:\/\/games.tactic.net\/fr\/wp-json\/wp\/v2\/media?parent=199437"}],"wp:term":[{"taxonomy":"product_brand","embeddable":true,"href":"https:\/\/games.tactic.net\/fr\/wp-json\/wp\/v2\/product_brand?post=199437"},{"taxonomy":"product_cat","embeddable":true,"href":"https:\/\/games.tactic.net\/fr\/wp-json\/wp\/v2\/product_cat?post=199437"},{"taxonomy":"product_tag","embeddable":true,"href":"https:\/\/games.tactic.net\/fr\/wp-json\/wp\/v2\/product_tag?post=199437"},{"taxonomy":"brand","embeddable":true,"href":"https:\/\/games.tactic.net\/fr\/wp-json\/wp\/v2\/brand?post=199437"},{"taxonomy":"target-group","embeddable":true,"href":"https:\/\/games.tactic.net\/fr\/wp-json\/wp\/v2\/target-group?post=199437"},{"taxonomy":"discontinued","embeddable":true,"href":"https:\/\/games.tactic.net\/fr\/wp-json\/wp\/v2\/discontinued?post=199437"}],"curies":[{"name":"wp","href":"https:\/\/api.w.org\/{rel}","templated":true}]}}