{"id":199347,"date":"2021-10-04T09:30:29","date_gmt":"2021-10-04T06:30:29","guid":{"rendered":"http:\/\/dev.tactic.net\/tuote\/jeu-des-cerceaux-enmousse\/"},"modified":"2023-05-10T15:13:50","modified_gmt":"2023-05-10T12:13:50","slug":"jeu-des-cerceaux-enmousse","status":"publish","type":"product","link":"https:\/\/games.tactic.net\/fr\/tuote\/jeu-des-cerceaux-enmousse\/","title":{"rendered":"Tactic Active Play Jeu des cerceaux en mousse"},"content":{"rendered":"<p>Lancez l\u2019anneau et tentez de viser l\u2019un des piquets ! Ce jeu simple et compr\u00e9hensible est accessible aux joueurs de tout \u00e2ge, et les anneaux souples sont adapt\u00e9s aussi bien \u00e0 une utilisation en int\u00e9rieur qu\u2019en ext\u00e9rieur !<\/p>\n","protected":false},"excerpt":{"rendered":"<p>Lancez l\u2019anneau et tentez de viser l\u2019un des piquets ! Ce jeu simple et compr\u00e9hensible est accessible aux joueurs de tout \u00e2ge, et les anneaux souples sont adapt\u00e9s aussi bien \u00e0 une utilisation en int\u00e9rieur qu\u2019en ext\u00e9rieur !<\/p>\n","protected":false},"featured_media":0,"template":"","meta":{"content-type":"","_monsterinsights_skip_tracking":false,"_monsterinsights_sitenote_active":false,"_monsterinsights_sitenote_note":"","_monsterinsights_sitenote_category":0},"product_brand":[],"product_cat":[1872,1873],"product_tag":[302,578],"brand":[],"target-group":[],"discontinued":[],"class_list":{"0":"post-199347","1":"product","2":"type-product","3":"status-publish","5":"product_cat-soft-active-play-jeux-enfants","6":"product_cat-soft-active-play-jeux-dexterieur","7":"product_tag-action","8":"product_tag-habilete","10":"first","11":"outofstock","12":"taxable","13":"shipping-taxable","14":"product-type-simple"},"aioseo_notices":[],"_links":{"self":[{"href":"https:\/\/games.tactic.net\/fr\/wp-json\/wp\/v2\/product\/199347","targetHints":{"allow":["GET"]}}],"collection":[{"href":"https:\/\/games.tactic.net\/fr\/wp-json\/wp\/v2\/product"}],"about":[{"href":"https:\/\/games.tactic.net\/fr\/wp-json\/wp\/v2\/types\/product"}],"wp:attachment":[{"href":"https:\/\/games.tactic.net\/fr\/wp-json\/wp\/v2\/media?parent=199347"}],"wp:term":[{"taxonomy":"product_brand","embeddable":true,"href":"https:\/\/games.tactic.net\/fr\/wp-json\/wp\/v2\/product_brand?post=199347"},{"taxonomy":"product_cat","embeddable":true,"href":"https:\/\/games.tactic.net\/fr\/wp-json\/wp\/v2\/product_cat?post=199347"},{"taxonomy":"product_tag","embeddable":true,"href":"https:\/\/games.tactic.net\/fr\/wp-json\/wp\/v2\/product_tag?post=199347"},{"taxonomy":"brand","embeddable":true,"href":"https:\/\/games.tactic.net\/fr\/wp-json\/wp\/v2\/brand?post=199347"},{"taxonomy":"target-group","embeddable":true,"href":"https:\/\/games.tactic.net\/fr\/wp-json\/wp\/v2\/target-group?post=199347"},{"taxonomy":"discontinued","embeddable":true,"href":"https:\/\/games.tactic.net\/fr\/wp-json\/wp\/v2\/discontinued?post=199347"}],"curies":[{"name":"wp","href":"https:\/\/api.w.org\/{rel}","templated":true}]}}