{"id":199332,"date":"2021-10-04T09:29:23","date_gmt":"2021-10-04T06:29:23","guid":{"rendered":"http:\/\/dev.tactic.net\/tuote\/jeu-de-chamboule-touten-mousse\/"},"modified":"2023-05-10T15:15:10","modified_gmt":"2023-05-10T12:15:10","slug":"jeu-de-chamboule-touten-mousse","status":"publish","type":"product","link":"https:\/\/games.tactic.net\/fr\/tuote\/jeu-de-chamboule-touten-mousse\/","title":{"rendered":"Tactic Active Play Jeu de Chamboule-tout en mousse"},"content":{"rendered":"<p>Formez une pyramide avec les bo\u00eetes et d\u00e9terminez qui vise le mieux ! Le mat\u00e9riau souple rend ce jeu utilisable aussi bien en int\u00e9rieur qu\u2019en ext\u00e9rieur, pour plus de possibilit\u00e9s d\u2019ajuster votre tir et de muscler votre bras lanceur !<\/p>\n","protected":false},"excerpt":{"rendered":"<p>Formez une pyramide avec les bo\u00eetes et d\u00e9terminez qui vise le mieux ! Le mat\u00e9riau souple rend ce jeu utilisable aussi bien en int\u00e9rieur qu\u2019en ext\u00e9rieur, pour plus de possibilit\u00e9s d\u2019ajuster votre tir et de muscler votre bras lanceur !<\/p>\n","protected":false},"featured_media":0,"template":"","meta":{"content-type":"","_monsterinsights_skip_tracking":false,"_monsterinsights_sitenote_active":false,"_monsterinsights_sitenote_note":"","_monsterinsights_sitenote_category":0},"product_brand":[],"product_cat":[1872,1873],"product_tag":[302,578,1036],"brand":[],"target-group":[],"discontinued":[],"class_list":{"0":"post-199332","1":"product","2":"type-product","3":"status-publish","5":"product_cat-soft-active-play-jeux-enfants","6":"product_cat-soft-active-play-jeux-dexterieur","7":"product_tag-action","8":"product_tag-habilete","9":"product_tag-passe-temps","11":"first","12":"outofstock","13":"taxable","14":"shipping-taxable","15":"product-type-simple"},"aioseo_notices":[],"_links":{"self":[{"href":"https:\/\/games.tactic.net\/fr\/wp-json\/wp\/v2\/product\/199332","targetHints":{"allow":["GET"]}}],"collection":[{"href":"https:\/\/games.tactic.net\/fr\/wp-json\/wp\/v2\/product"}],"about":[{"href":"https:\/\/games.tactic.net\/fr\/wp-json\/wp\/v2\/types\/product"}],"wp:attachment":[{"href":"https:\/\/games.tactic.net\/fr\/wp-json\/wp\/v2\/media?parent=199332"}],"wp:term":[{"taxonomy":"product_brand","embeddable":true,"href":"https:\/\/games.tactic.net\/fr\/wp-json\/wp\/v2\/product_brand?post=199332"},{"taxonomy":"product_cat","embeddable":true,"href":"https:\/\/games.tactic.net\/fr\/wp-json\/wp\/v2\/product_cat?post=199332"},{"taxonomy":"product_tag","embeddable":true,"href":"https:\/\/games.tactic.net\/fr\/wp-json\/wp\/v2\/product_tag?post=199332"},{"taxonomy":"brand","embeddable":true,"href":"https:\/\/games.tactic.net\/fr\/wp-json\/wp\/v2\/brand?post=199332"},{"taxonomy":"target-group","embeddable":true,"href":"https:\/\/games.tactic.net\/fr\/wp-json\/wp\/v2\/target-group?post=199332"},{"taxonomy":"discontinued","embeddable":true,"href":"https:\/\/games.tactic.net\/fr\/wp-json\/wp\/v2\/discontinued?post=199332"}],"curies":[{"name":"wp","href":"https:\/\/api.w.org\/{rel}","templated":true}]}}