{"id":199302,"date":"2021-10-04T09:26:32","date_gmt":"2021-10-04T06:26:32","guid":{"rendered":"http:\/\/dev.tactic.net\/tuote\/rummy-2\/"},"modified":"2023-10-06T16:41:01","modified_gmt":"2023-10-06T13:41:01","slug":"rummy-2","status":"publish","type":"product","link":"https:\/\/games.tactic.net\/fr\/tuote\/rummy-2\/","title":{"rendered":"Tactic Rummy jeux de voyage"},"content":{"rendered":"<p>Soyez le premier \u00e0 poser toutes vos tuiles en r\u00e9alisant des combinaisons (suites, brelans). Vous pouvez pour cela vous servir des tuiles d\u00e9j\u00e0 pos\u00e9es !<\/p>\n","protected":false},"excerpt":{"rendered":"<p>Soyez le premier \u00e0 poser toutes vos tuiles en r\u00e9alisant des combinaisons (suites, brelans). Vous pouvez pour cela vous servir des tuiles d\u00e9j\u00e0 pos\u00e9es !<\/p>\n","protected":false},"featured_media":0,"template":"","meta":{"content-type":"","_monsterinsights_skip_tracking":false,"_monsterinsights_sitenote_active":false,"_monsterinsights_sitenote_note":"","_monsterinsights_sitenote_category":0},"product_brand":[],"product_cat":[2110,1874],"product_tag":[1236,1246],"brand":[],"target-group":[],"discontinued":[],"class_list":{"0":"post-199302","1":"product","2":"type-product","3":"status-publish","5":"product_cat-jeux-de-voyage","6":"product_cat-jeux-de-voyage-jeux-famille","7":"product_tag-combiner-fr","8":"product_tag-strategie-fr","10":"first","11":"instock","12":"taxable","13":"shipping-taxable","14":"product-type-simple"},"aioseo_notices":[],"_links":{"self":[{"href":"https:\/\/games.tactic.net\/fr\/wp-json\/wp\/v2\/product\/199302","targetHints":{"allow":["GET"]}}],"collection":[{"href":"https:\/\/games.tactic.net\/fr\/wp-json\/wp\/v2\/product"}],"about":[{"href":"https:\/\/games.tactic.net\/fr\/wp-json\/wp\/v2\/types\/product"}],"wp:attachment":[{"href":"https:\/\/games.tactic.net\/fr\/wp-json\/wp\/v2\/media?parent=199302"}],"wp:term":[{"taxonomy":"product_brand","embeddable":true,"href":"https:\/\/games.tactic.net\/fr\/wp-json\/wp\/v2\/product_brand?post=199302"},{"taxonomy":"product_cat","embeddable":true,"href":"https:\/\/games.tactic.net\/fr\/wp-json\/wp\/v2\/product_cat?post=199302"},{"taxonomy":"product_tag","embeddable":true,"href":"https:\/\/games.tactic.net\/fr\/wp-json\/wp\/v2\/product_tag?post=199302"},{"taxonomy":"brand","embeddable":true,"href":"https:\/\/games.tactic.net\/fr\/wp-json\/wp\/v2\/brand?post=199302"},{"taxonomy":"target-group","embeddable":true,"href":"https:\/\/games.tactic.net\/fr\/wp-json\/wp\/v2\/target-group?post=199302"},{"taxonomy":"discontinued","embeddable":true,"href":"https:\/\/games.tactic.net\/fr\/wp-json\/wp\/v2\/discontinued?post=199302"}],"curies":[{"name":"wp","href":"https:\/\/api.w.org\/{rel}","templated":true}]}}