{"id":199287,"date":"2021-10-04T09:25:54","date_gmt":"2021-10-04T06:25:54","guid":{"rendered":"http:\/\/dev.tactic.net\/tuote\/mexican-train-2\/"},"modified":"2023-10-06T16:40:08","modified_gmt":"2023-10-06T13:40:08","slug":"mexican-train-2","status":"publish","type":"product","link":"https:\/\/games.tactic.net\/fr\/tuote\/mexican-train-2\/","title":{"rendered":"Tactic Mexican train jeux de voyage"},"content":{"rendered":"<p>Et pour ceux qui ne pourront plus s\u2019en passer\u2026 il existe le Mexican Train version voyage pr\u00e9sent\u00e9 dans sa housse zipp\u00e9e.<\/p>\n","protected":false},"excerpt":{"rendered":"<p>Et pour ceux qui ne pourront plus s\u2019en passer\u2026 il existe le Mexican Train version voyage pr\u00e9sent\u00e9 dans sa housse zipp\u00e9e.<\/p>\n","protected":false},"featured_media":0,"template":"","meta":{"content-type":"","_monsterinsights_skip_tracking":false,"_monsterinsights_sitenote_active":false,"_monsterinsights_sitenote_note":"","_monsterinsights_sitenote_category":0},"product_brand":[],"product_cat":[1874,2110],"product_tag":[1236,578],"brand":[],"target-group":[],"discontinued":[],"class_list":{"0":"post-199287","1":"product","2":"type-product","3":"status-publish","5":"product_cat-jeux-de-voyage-jeux-famille","6":"product_cat-jeux-de-voyage","7":"product_tag-combiner-fr","8":"product_tag-habilete","10":"first","11":"instock","12":"taxable","13":"shipping-taxable","14":"product-type-simple"},"aioseo_notices":[],"_links":{"self":[{"href":"https:\/\/games.tactic.net\/fr\/wp-json\/wp\/v2\/product\/199287","targetHints":{"allow":["GET"]}}],"collection":[{"href":"https:\/\/games.tactic.net\/fr\/wp-json\/wp\/v2\/product"}],"about":[{"href":"https:\/\/games.tactic.net\/fr\/wp-json\/wp\/v2\/types\/product"}],"wp:attachment":[{"href":"https:\/\/games.tactic.net\/fr\/wp-json\/wp\/v2\/media?parent=199287"}],"wp:term":[{"taxonomy":"product_brand","embeddable":true,"href":"https:\/\/games.tactic.net\/fr\/wp-json\/wp\/v2\/product_brand?post=199287"},{"taxonomy":"product_cat","embeddable":true,"href":"https:\/\/games.tactic.net\/fr\/wp-json\/wp\/v2\/product_cat?post=199287"},{"taxonomy":"product_tag","embeddable":true,"href":"https:\/\/games.tactic.net\/fr\/wp-json\/wp\/v2\/product_tag?post=199287"},{"taxonomy":"brand","embeddable":true,"href":"https:\/\/games.tactic.net\/fr\/wp-json\/wp\/v2\/brand?post=199287"},{"taxonomy":"target-group","embeddable":true,"href":"https:\/\/games.tactic.net\/fr\/wp-json\/wp\/v2\/target-group?post=199287"},{"taxonomy":"discontinued","embeddable":true,"href":"https:\/\/games.tactic.net\/fr\/wp-json\/wp\/v2\/discontinued?post=199287"}],"curies":[{"name":"wp","href":"https:\/\/api.w.org\/{rel}","templated":true}]}}