{"id":199243,"date":"2021-10-04T09:19:59","date_gmt":"2021-10-04T06:19:59","guid":{"rendered":"http:\/\/dev.tactic.net\/tuote\/travel-aliasoriginal\/"},"modified":"2025-10-22T11:20:32","modified_gmt":"2025-10-22T08:20:32","slug":"travel-aliasoriginal","status":"archive","type":"product","link":"https:\/\/games.tactic.net\/fr\/tuote\/travel-aliasoriginal\/","title":{"rendered":"Tactic Alias Original jeux de voyage"},"content":{"rendered":"<p>Alias original est un jeu de mots par \u00e9quipes de 2 joueurs ou plus. 800 mots \u00e0 faire deviner \u00e0 vos co\u00e9quipiers en les d\u00e9crivant et en donnant des indices.<\/p>\n","protected":false},"excerpt":{"rendered":"<p>Alias original est un jeu de mots par \u00e9quipes de 2 joueurs ou plus. 800 mots \u00e0 faire deviner \u00e0 vos co\u00e9quipiers en les d\u00e9crivant et en donnant des indices.<\/p>\n","protected":false},"featured_media":0,"template":"","meta":{"content-type":"","_monsterinsights_skip_tracking":false,"_monsterinsights_sitenote_active":false,"_monsterinsights_sitenote_note":"","_monsterinsights_sitenote_category":0},"product_brand":[],"product_cat":[1874],"product_tag":[1326,1331,1036],"brand":[{"id":653,"name":"Alias","slug":"alias_fr"}],"target-group":[],"discontinued":[],"class_list":{"0":"post-199243","1":"product","2":"type-product","3":"status-archive","5":"product_cat-jeux-de-voyage-jeux-famille","6":"product_tag-ensemble","7":"product_tag-explication-de-mots","8":"product_tag-passe-temps","9":"brand-alias_fr","11":"first","12":"outofstock","13":"taxable","14":"shipping-taxable","15":"product-type-simple"},"aioseo_notices":[],"_links":{"self":[{"href":"https:\/\/games.tactic.net\/fr\/wp-json\/wp\/v2\/product\/199243","targetHints":{"allow":["GET"]}}],"collection":[{"href":"https:\/\/games.tactic.net\/fr\/wp-json\/wp\/v2\/product"}],"about":[{"href":"https:\/\/games.tactic.net\/fr\/wp-json\/wp\/v2\/types\/product"}],"wp:attachment":[{"href":"https:\/\/games.tactic.net\/fr\/wp-json\/wp\/v2\/media?parent=199243"}],"wp:term":[{"taxonomy":"product_brand","embeddable":true,"href":"https:\/\/games.tactic.net\/fr\/wp-json\/wp\/v2\/product_brand?post=199243"},{"taxonomy":"product_cat","embeddable":true,"href":"https:\/\/games.tactic.net\/fr\/wp-json\/wp\/v2\/product_cat?post=199243"},{"taxonomy":"product_tag","embeddable":true,"href":"https:\/\/games.tactic.net\/fr\/wp-json\/wp\/v2\/product_tag?post=199243"},{"taxonomy":"brand","embeddable":true,"href":"https:\/\/games.tactic.net\/fr\/wp-json\/wp\/v2\/brand?post=199243"},{"taxonomy":"target-group","embeddable":true,"href":"https:\/\/games.tactic.net\/fr\/wp-json\/wp\/v2\/target-group?post=199243"},{"taxonomy":"discontinued","embeddable":true,"href":"https:\/\/games.tactic.net\/fr\/wp-json\/wp\/v2\/discontinued?post=199243"}],"curies":[{"name":"wp","href":"https:\/\/api.w.org\/{rel}","templated":true}]}}