{"id":199062,"date":"2021-10-04T09:05:46","date_gmt":"2021-10-04T06:05:46","guid":{"rendered":"http:\/\/dev.tactic.net\/tuote\/memo-pretty\/"},"modified":"2023-10-25T13:44:58","modified_gmt":"2023-10-25T10:44:58","slug":"memo-pretty","status":"publish","type":"product","link":"https:\/\/games.tactic.net\/fr\/tuote\/memo-pretty\/","title":{"rendered":"Tactic M\u00e9mo Pretty"},"content":{"rendered":"<p>Un jeu de m\u00e9moire pour les fans de tout ce qui est rose et joli ! R\u00e9partis les tuiles sur la table et tourne-en deux \u00e0 la fois. Si les images sur les tuiles sont identiques, tu peux les r\u00e9cup\u00e9rer. Le joueur qui ramasse le plus de paires gagne la partie ! Contient de belles illustrations dessin\u00e9es ! Ce jeu simple est parfait m\u00eame pour les plus jeunes joueurs. Permet aux jeunes joueurs de mettre en pratique leurs capacit\u00e9s d\u2019association.<\/p>\n","protected":false},"excerpt":{"rendered":"<p>Un jeu de m\u00e9moire pour les fans de tout ce qui est rose et joli ! R\u00e9partis les tuiles sur la table et tourne-en deux \u00e0 la fois. Si les images sur les tuiles sont identiques, tu peux les r\u00e9cup\u00e9rer. Le joueur qui ramasse le plus de paires gagne la partie ! Contient de belles [&hellip;]<\/p>\n","protected":false},"featured_media":0,"template":"","meta":{"content-type":"","_monsterinsights_skip_tracking":false,"_monsterinsights_sitenote_active":false,"_monsterinsights_sitenote_note":"","_monsterinsights_sitenote_category":0},"product_brand":[],"product_cat":[1865],"product_tag":[1236],"brand":[],"target-group":[],"discontinued":[],"class_list":{"0":"post-199062","1":"product","2":"type-product","3":"status-publish","5":"product_cat-memos","6":"product_tag-combiner-fr","8":"first","9":"instock","10":"taxable","11":"shipping-taxable","12":"product-type-simple"},"aioseo_notices":[],"_links":{"self":[{"href":"https:\/\/games.tactic.net\/fr\/wp-json\/wp\/v2\/product\/199062","targetHints":{"allow":["GET"]}}],"collection":[{"href":"https:\/\/games.tactic.net\/fr\/wp-json\/wp\/v2\/product"}],"about":[{"href":"https:\/\/games.tactic.net\/fr\/wp-json\/wp\/v2\/types\/product"}],"wp:attachment":[{"href":"https:\/\/games.tactic.net\/fr\/wp-json\/wp\/v2\/media?parent=199062"}],"wp:term":[{"taxonomy":"product_brand","embeddable":true,"href":"https:\/\/games.tactic.net\/fr\/wp-json\/wp\/v2\/product_brand?post=199062"},{"taxonomy":"product_cat","embeddable":true,"href":"https:\/\/games.tactic.net\/fr\/wp-json\/wp\/v2\/product_cat?post=199062"},{"taxonomy":"product_tag","embeddable":true,"href":"https:\/\/games.tactic.net\/fr\/wp-json\/wp\/v2\/product_tag?post=199062"},{"taxonomy":"brand","embeddable":true,"href":"https:\/\/games.tactic.net\/fr\/wp-json\/wp\/v2\/brand?post=199062"},{"taxonomy":"target-group","embeddable":true,"href":"https:\/\/games.tactic.net\/fr\/wp-json\/wp\/v2\/target-group?post=199062"},{"taxonomy":"discontinued","embeddable":true,"href":"https:\/\/games.tactic.net\/fr\/wp-json\/wp\/v2\/discontinued?post=199062"}],"curies":[{"name":"wp","href":"https:\/\/api.w.org\/{rel}","templated":true}]}}