{"id":199047,"date":"2021-10-04T09:04:37","date_gmt":"2021-10-04T06:04:37","guid":{"rendered":"http:\/\/dev.tactic.net\/tuote\/memo-dinosaur\/"},"modified":"2023-10-25T13:40:46","modified_gmt":"2023-10-25T10:40:46","slug":"memo-dinosaur","status":"publish","type":"product","link":"https:\/\/games.tactic.net\/fr\/tuote\/memo-dinosaur\/","title":{"rendered":"Tactic M\u00e9mo Dinosaure"},"content":{"rendered":"<p>Un jeu d\u2019association plein de dinosaures amusants ! R\u00e9partis les tuiles sur la table et tourne-en deux \u00e0 la fois. Si les images sur les tuiles sont identiques, tu peux les r\u00e9cup\u00e9rer. Le joueur qui ramasse le plus de paires gagne la partie ! Contient diff\u00e9rentes images de dinosaures peintes \u00e0 la main ! Ce jeu simple est parfait m\u00eame pour les plus jeunes joueurs. Permet aux jeunes joueurs de mettre en pratique leurs capacit\u00e9s d\u2019association.<\/p>\n","protected":false},"excerpt":{"rendered":"<p>Un jeu d\u2019association plein de dinosaures amusants ! R\u00e9partis les tuiles sur la table et tourne-en deux \u00e0 la fois. Si les images sur les tuiles sont identiques, tu peux les r\u00e9cup\u00e9rer. Le joueur qui ramasse le plus de paires gagne la partie ! Contient diff\u00e9rentes images de dinosaures peintes \u00e0 la main ! Ce [&hellip;]<\/p>\n","protected":false},"featured_media":0,"template":"","meta":{"content-type":"","_monsterinsights_skip_tracking":false,"_monsterinsights_sitenote_active":false,"_monsterinsights_sitenote_note":"","_monsterinsights_sitenote_category":0},"product_brand":[],"product_cat":[1865],"product_tag":[348],"brand":[],"target-group":[],"discontinued":[],"class_list":{"0":"post-199047","1":"product","2":"type-product","3":"status-publish","5":"product_cat-memos","6":"product_tag-combiner","8":"first","9":"instock","10":"taxable","11":"shipping-taxable","12":"product-type-simple"},"aioseo_notices":[],"_links":{"self":[{"href":"https:\/\/games.tactic.net\/fr\/wp-json\/wp\/v2\/product\/199047","targetHints":{"allow":["GET"]}}],"collection":[{"href":"https:\/\/games.tactic.net\/fr\/wp-json\/wp\/v2\/product"}],"about":[{"href":"https:\/\/games.tactic.net\/fr\/wp-json\/wp\/v2\/types\/product"}],"wp:attachment":[{"href":"https:\/\/games.tactic.net\/fr\/wp-json\/wp\/v2\/media?parent=199047"}],"wp:term":[{"taxonomy":"product_brand","embeddable":true,"href":"https:\/\/games.tactic.net\/fr\/wp-json\/wp\/v2\/product_brand?post=199047"},{"taxonomy":"product_cat","embeddable":true,"href":"https:\/\/games.tactic.net\/fr\/wp-json\/wp\/v2\/product_cat?post=199047"},{"taxonomy":"product_tag","embeddable":true,"href":"https:\/\/games.tactic.net\/fr\/wp-json\/wp\/v2\/product_tag?post=199047"},{"taxonomy":"brand","embeddable":true,"href":"https:\/\/games.tactic.net\/fr\/wp-json\/wp\/v2\/brand?post=199047"},{"taxonomy":"target-group","embeddable":true,"href":"https:\/\/games.tactic.net\/fr\/wp-json\/wp\/v2\/target-group?post=199047"},{"taxonomy":"discontinued","embeddable":true,"href":"https:\/\/games.tactic.net\/fr\/wp-json\/wp\/v2\/discontinued?post=199047"}],"curies":[{"name":"wp","href":"https:\/\/api.w.org\/{rel}","templated":true}]}}